{"id":1894,"date":"2024-06-18T10:55:15","date_gmt":"2024-06-18T07:55:15","guid":{"rendered":"http:\/\/kaminameister.ee\/?post_type=product&#038;p=1894"},"modified":"2026-05-08T11:57:46","modified_gmt":"2026-05-08T08:57:46","slug":"bef-twin-7-cp-cl-ja-n-7-cp-cl-bef-home","status":"publish","type":"product","link":"https:\/\/kaminameister.ee\/en\/tooted\/kaminasudamikud\/kahepoolsed\/bef-twin-7-cp-cl-ja-n-7-cp-cl-bef-home\/","title":{"rendered":"BeF Twin 7 CP \/CL ja N 7 CP\/CL (Bef Home)"},"content":{"rendered":"","protected":false},"excerpt":{"rendered":"<p><i>Kahepoolne kaminas\u00fcdamik, millel nurgaklaas on \u00fchel pool, paremal v\u00f5i vasakul.L\u00f5\u00f5ri\u00fchenduse diam. 150mm <\/i><\/p>\n<p><em>Nominaalv\u00f5imsus: 7 kW, k\u00f5rgus: 1206 mm, laius: 640 mm, s\u00fcgavus: 543 mm, kasutegur: 82.2%, suitsugaasi temperatuur: 242\u00b0C, CO: 0.084%<\/em><\/p>\n<p><b><i>Mudel BeF Twin\u00a0 7\u00a0 CP\/CL, \u00fchel poolel sirge klaas,teisel nurgaklaas, hind\u00a0 3 918\u20ac. Soodushind: 3 447\u20ac<\/i><\/b><\/p>\n<p><i><b>Mudel BeF Twin 7 N CP\/CL,\u00a0 \u00fchel poolel sirge kinnine terasuks,teisel nurgaklaas, hind 4 092\u20ac . Soodushind: 3 633\u20ac<\/b><\/i><\/p>\n<p><i>Ukseraamid 155- 172 \u20ac<\/i><\/p>\n<p><em>Tehnilised joonised:\u00a0 <a href=\"http:\/\/kaminameister.ee\/wp-content\/uploads\/2024\/06\/tl-bef-twin-7-cl.pdf\">tl-bef-twin-7-cl<\/a><a href=\"http:\/\/kaminameister.ee\/wp-content\/uploads\/2024\/06\/tl-bef-twin-7-n-cl-tehniline.pdf\">tl-bef-twin-7-n-cl tehniline<\/a><\/em><\/p>\n","protected":false},"featured_media":1904,"comment_status":"open","ping_status":"closed","template":"","meta":{"_et_pb_use_builder":"","_et_pb_old_content":"","_et_gb_content_width":""},"product_brand":[135],"product_cat":[67,32],"product_tag":[],"class_list":{"0":"post-1894","1":"product","2":"type-product","3":"status-publish","4":"has-post-thumbnail","6":"product_brand-bef-home","7":"product_cat-kahepoolsed","8":"product_cat-kaminasudamikud","9":"pa_brand-bef-home","11":"first","12":"instock","13":"sale","14":"shipping-taxable","15":"purchasable","16":"product-type-simple"},"_links":{"self":[{"href":"https:\/\/kaminameister.ee\/en\/wp-json\/wp\/v2\/product\/1894","targetHints":{"allow":["GET"]}}],"collection":[{"href":"https:\/\/kaminameister.ee\/en\/wp-json\/wp\/v2\/product"}],"about":[{"href":"https:\/\/kaminameister.ee\/en\/wp-json\/wp\/v2\/types\/product"}],"replies":[{"embeddable":true,"href":"https:\/\/kaminameister.ee\/en\/wp-json\/wp\/v2\/comments?post=1894"}],"wp:featuredmedia":[{"embeddable":true,"href":"https:\/\/kaminameister.ee\/en\/wp-json\/wp\/v2\/media\/1904"}],"wp:attachment":[{"href":"https:\/\/kaminameister.ee\/en\/wp-json\/wp\/v2\/media?parent=1894"}],"wp:term":[{"taxonomy":"product_brand","embeddable":true,"href":"https:\/\/kaminameister.ee\/en\/wp-json\/wp\/v2\/product_brand?post=1894"},{"taxonomy":"product_cat","embeddable":true,"href":"https:\/\/kaminameister.ee\/en\/wp-json\/wp\/v2\/product_cat?post=1894"},{"taxonomy":"product_tag","embeddable":true,"href":"https:\/\/kaminameister.ee\/en\/wp-json\/wp\/v2\/product_tag?post=1894"}],"curies":[{"name":"wp","href":"https:\/\/api.w.org\/{rel}","templated":true}]}}