{"id":1878,"date":"2024-06-18T10:24:11","date_gmt":"2024-06-18T07:24:11","guid":{"rendered":"http:\/\/kaminameister.ee\/?post_type=product&#038;p=1878"},"modified":"2025-06-13T15:50:56","modified_gmt":"2025-06-13T12:50:56","slug":"bef-double-feel-7bef-home","status":"publish","type":"product","link":"https:\/\/kaminameister.ee\/en\/tooted\/kaminasudamikud\/kahepoolsed\/bef-double-feel-7bef-home\/","title":{"rendered":"BeF Double Feel 7(BeF Home)"},"content":{"rendered":"","protected":false},"excerpt":{"rendered":"<p><i>Kahepoolsed kaminas\u00fcdamikud, mis sobivad madalenergiamajadesse, s\u00fcdamikud\u00a0 on v\u00f5imalikult v\u00e4ikese s\u00fcgavusega.<\/i><\/p>\n<p><em>Kaal: 123 kg, nominaalv\u00f5imsus: 7 kW, k\u00f5rgus: 1178 mm, laius: 740 mm, s\u00fcgavus: 391 mm, kasutegur: 82%, suitsugaasi temperatuur: 232\u00b0C, CO: 0.0811%<\/em><\/p>\n<p><i><b>BeF Double 7 Feel: 2 914\u20ac , BeF Double 7 N feel<\/b>(\u00dche poole uks terasest,klaasita)<b>: 3 100\u20ac,\u00a0 BeF Double V 7 Feel<\/b>(\u00fche poole<b>\u00a0<\/b>uks<b>\u00a0<\/b>avaneb \u00fcles)<b> : 3 968 \u20ac ,<\/b><\/i><\/p>\n<p><i>Ukseraamid : 208 -345 \u20ac<\/i><\/p>\n<p><em>Tehnilised joonised:\u00a0 <a href=\"http:\/\/kaminameister.ee\/wp-content\/uploads\/2024\/06\/tl-bef-double-7-feel.pdf\">tl-bef-double-7-feel<\/a>\u00a0 \u00a0 <a href=\"http:\/\/kaminameister.ee\/wp-content\/uploads\/2024\/06\/tl-bef-double-v-7-feel.pdf\">tl-bef-double-v-7-feel<\/a><\/em><\/p>\n","protected":false},"featured_media":1885,"comment_status":"open","ping_status":"closed","template":"","meta":{"_et_pb_use_builder":"","_et_pb_old_content":"","_et_gb_content_width":""},"product_brand":[135],"product_cat":[67,32],"product_tag":[],"class_list":{"0":"post-1878","1":"product","2":"type-product","3":"status-publish","4":"has-post-thumbnail","6":"product_brand-bef-home","7":"product_cat-kahepoolsed","8":"product_cat-kaminasudamikud","9":"pa_brand-bef-home","11":"first","12":"instock","13":"shipping-taxable","14":"purchasable","15":"product-type-simple"},"_links":{"self":[{"href":"https:\/\/kaminameister.ee\/en\/wp-json\/wp\/v2\/product\/1878","targetHints":{"allow":["GET"]}}],"collection":[{"href":"https:\/\/kaminameister.ee\/en\/wp-json\/wp\/v2\/product"}],"about":[{"href":"https:\/\/kaminameister.ee\/en\/wp-json\/wp\/v2\/types\/product"}],"replies":[{"embeddable":true,"href":"https:\/\/kaminameister.ee\/en\/wp-json\/wp\/v2\/comments?post=1878"}],"wp:featuredmedia":[{"embeddable":true,"href":"https:\/\/kaminameister.ee\/en\/wp-json\/wp\/v2\/media\/1885"}],"wp:attachment":[{"href":"https:\/\/kaminameister.ee\/en\/wp-json\/wp\/v2\/media?parent=1878"}],"wp:term":[{"taxonomy":"product_brand","embeddable":true,"href":"https:\/\/kaminameister.ee\/en\/wp-json\/wp\/v2\/product_brand?post=1878"},{"taxonomy":"product_cat","embeddable":true,"href":"https:\/\/kaminameister.ee\/en\/wp-json\/wp\/v2\/product_cat?post=1878"},{"taxonomy":"product_tag","embeddable":true,"href":"https:\/\/kaminameister.ee\/en\/wp-json\/wp\/v2\/product_tag?post=1878"}],"curies":[{"name":"wp","href":"https:\/\/api.w.org\/{rel}","templated":true}]}}