{"id":1862,"date":"2024-06-18T10:17:04","date_gmt":"2024-06-18T07:17:04","guid":{"rendered":"http:\/\/kaminameister.ee\/?post_type=product&#038;p=1862"},"modified":"2026-05-08T12:00:18","modified_gmt":"2026-05-08T09:00:18","slug":"bef-double-feel-6bef-homedouble-feel","status":"publish","type":"product","link":"https:\/\/kaminameister.ee\/en\/tooted\/kaminasudamikud\/kahepoolsed\/bef-double-feel-6bef-homedouble-feel\/","title":{"rendered":"BeF Double Feel 6(BeF Home)"},"content":{"rendered":"","protected":false},"excerpt":{"rendered":"<p><i>Kahepoolsed kaminas\u00fcdamikud, mis sobivad madalenergiamajadesse, s\u00fcdamikud\u00a0 on v\u00f5imalikult v\u00e4ikese s\u00fcgavusega. <\/i><\/p>\n<p><em>Kaal: 110 kg, nominaalv\u00f5imsus: 5 kW, k\u00f5rgus: 1178 mm, laius: 640 mm, s\u00fcgavus: 391 mm, kasutegur: 84%, suitsugaasi temperatuur: 206\u00b0C, CO: 0.0946%<\/em><\/p>\n<p><i><b>BeF Double 6 Feel: 2 480\u20ac\u00a0 Soodushind: 2 329\u20ac\u00a0 <\/b><\/i><\/p>\n<p><i><b>BeF Double 6 N feel <\/b>(\u00dche poole uks terasest, klaasita)<b>:\u00a0 2 666\u20ac\u00a0 Soodushind: 2 516\u20ac\u00a0<\/b><\/i><\/p>\n<p><i><b> BeF Double V 6 Feel(<\/b>\u00fche<b>\u00a0<\/b>poole uks\u00a0 avaneb \u00fcles)\u00a0<b>: 3 472 \u20ac <\/b><b>\u00a0 \u00a0 \u00a0 \u00a0 <\/b>Ukseraamid : 208 -345 \u20ac<\/i><\/p>\n<p><em>Tehnilised joonised:\u00a0 <a href=\"http:\/\/kaminameister.ee\/wp-content\/uploads\/2024\/06\/tl-bef-double-6-feel.pdf\">tl-bef-double-6-feel<\/a><a href=\"http:\/\/kaminameister.ee\/wp-content\/uploads\/2024\/06\/tl-bef-double-v-6-feel.pdf\">tl-bef-double-v-6-feel<\/a><\/em><\/p>\n","protected":false},"featured_media":1869,"comment_status":"open","ping_status":"closed","template":"","meta":{"_et_pb_use_builder":"","_et_pb_old_content":"","_et_gb_content_width":""},"product_brand":[135],"product_cat":[67,32],"product_tag":[],"class_list":{"0":"post-1862","1":"product","2":"type-product","3":"status-publish","4":"has-post-thumbnail","6":"product_brand-bef-home","7":"product_cat-kahepoolsed","8":"product_cat-kaminasudamikud","9":"pa_brand-bef-home","11":"first","12":"instock","13":"sale","14":"shipping-taxable","15":"purchasable","16":"product-type-simple"},"_links":{"self":[{"href":"https:\/\/kaminameister.ee\/en\/wp-json\/wp\/v2\/product\/1862","targetHints":{"allow":["GET"]}}],"collection":[{"href":"https:\/\/kaminameister.ee\/en\/wp-json\/wp\/v2\/product"}],"about":[{"href":"https:\/\/kaminameister.ee\/en\/wp-json\/wp\/v2\/types\/product"}],"replies":[{"embeddable":true,"href":"https:\/\/kaminameister.ee\/en\/wp-json\/wp\/v2\/comments?post=1862"}],"wp:featuredmedia":[{"embeddable":true,"href":"https:\/\/kaminameister.ee\/en\/wp-json\/wp\/v2\/media\/1869"}],"wp:attachment":[{"href":"https:\/\/kaminameister.ee\/en\/wp-json\/wp\/v2\/media?parent=1862"}],"wp:term":[{"taxonomy":"product_brand","embeddable":true,"href":"https:\/\/kaminameister.ee\/en\/wp-json\/wp\/v2\/product_brand?post=1862"},{"taxonomy":"product_cat","embeddable":true,"href":"https:\/\/kaminameister.ee\/en\/wp-json\/wp\/v2\/product_cat?post=1862"},{"taxonomy":"product_tag","embeddable":true,"href":"https:\/\/kaminameister.ee\/en\/wp-json\/wp\/v2\/product_tag?post=1862"}],"curies":[{"name":"wp","href":"https:\/\/api.w.org\/{rel}","templated":true}]}}