{"id":1855,"date":"2024-06-18T09:51:08","date_gmt":"2024-06-18T06:51:08","guid":{"rendered":"http:\/\/kaminameister.ee\/?post_type=product&#038;p=1855"},"modified":"2026-03-25T11:46:56","modified_gmt":"2026-03-25T09:46:56","slug":"linea-df-v-1190-4-0-dorako","status":"publish","type":"product","link":"https:\/\/kaminameister.ee\/en\/tooted\/kaminasudamikud\/kahepoolsed\/linea-df-v-1190-4-0-dorako\/","title":{"rendered":"Linea DF V 1190 4.0 (Dorako)"},"content":{"rendered":"","protected":false},"excerpt":{"rendered":"<p><i>puuhalgude pikkus koldes 80cm,l\u00f5\u00f5ri\u00fchendus diam. 230\/240mm ,\u00f5hutoru d.123 mm.\u00a0<\/i><i>Klaasi m\u00f5\u00f5t 904*700 mm.<\/i><\/p>\n<p><em>Kaal: 340 kg, nominaalv\u00f5imsus: 8-18 kW, k\u00f5rgus: 1630 mm, laius: 1090 mm, s\u00fcgavus: 600 mm, kasutegur: 78%, CO: 0.01%, suitsugaaside temperatuur 277\u00b0C.<\/em><\/p>\n<p><strong><em>Hind: 7 733\u20ac<\/em><\/strong><\/p>\n<p><em>Tehniline joonis: <a href=\"http:\/\/kaminameister.ee\/wp-content\/uploads\/2024\/06\/linea_df_v1190_4.0-h-1050.pdf\">LINEA_DF_V1190_4.0 H 1050<\/a><\/em><\/p>\n","protected":false},"featured_media":1859,"comment_status":"open","ping_status":"closed","template":"","meta":{"_et_pb_use_builder":"","_et_pb_old_content":"","_et_gb_content_width":""},"product_brand":[139],"product_cat":[67,32],"product_tag":[],"class_list":{"0":"post-1855","1":"product","2":"type-product","3":"status-publish","4":"has-post-thumbnail","6":"product_brand-dorako","7":"product_cat-kahepoolsed","8":"product_cat-kaminasudamikud","9":"pa_brand-endine-kfd-ja-gabriel","11":"first","12":"instock","13":"shipping-taxable","14":"purchasable","15":"product-type-simple"},"_links":{"self":[{"href":"https:\/\/kaminameister.ee\/en\/wp-json\/wp\/v2\/product\/1855","targetHints":{"allow":["GET"]}}],"collection":[{"href":"https:\/\/kaminameister.ee\/en\/wp-json\/wp\/v2\/product"}],"about":[{"href":"https:\/\/kaminameister.ee\/en\/wp-json\/wp\/v2\/types\/product"}],"replies":[{"embeddable":true,"href":"https:\/\/kaminameister.ee\/en\/wp-json\/wp\/v2\/comments?post=1855"}],"wp:featuredmedia":[{"embeddable":true,"href":"https:\/\/kaminameister.ee\/en\/wp-json\/wp\/v2\/media\/1859"}],"wp:attachment":[{"href":"https:\/\/kaminameister.ee\/en\/wp-json\/wp\/v2\/media?parent=1855"}],"wp:term":[{"taxonomy":"product_brand","embeddable":true,"href":"https:\/\/kaminameister.ee\/en\/wp-json\/wp\/v2\/product_brand?post=1855"},{"taxonomy":"product_cat","embeddable":true,"href":"https:\/\/kaminameister.ee\/en\/wp-json\/wp\/v2\/product_cat?post=1855"},{"taxonomy":"product_tag","embeddable":true,"href":"https:\/\/kaminameister.ee\/en\/wp-json\/wp\/v2\/product_tag?post=1855"}],"curies":[{"name":"wp","href":"https:\/\/api.w.org\/{rel}","templated":true}]}}