{"id":1830,"date":"2024-06-17T15:09:52","date_gmt":"2024-06-17T12:09:52","guid":{"rendered":"http:\/\/kaminameister.ee\/?post_type=product&#038;p=1830"},"modified":"2026-03-25T11:48:19","modified_gmt":"2026-03-25T09:48:19","slug":"iline-5183-dfdorako","status":"publish","type":"product","link":"https:\/\/kaminameister.ee\/en\/tooted\/kaminasudamikud\/kahepoolsed\/iline-5183-dfdorako\/","title":{"rendered":"Eco iLine 5183 DF(Dorako)"},"content":{"rendered":"","protected":false},"excerpt":{"rendered":"<p><i>Kahepoolne kaminas\u00fcdamik,suitsutoru d.200 mm.\u00a0<\/i><i>Puude pikkus koldes 60 cm.\u00a0<\/i><i>Ukse m\u00f5\u00f5t 828* 512 mm ,klaasi m\u00f5\u00f5t 735*425 mm.\u00d5hutoru d.150 mm. <\/i><\/p>\n<p><em>Kaal: 175 kg, nominaalv\u00f5imsus: 16 kW, k\u00f5rgus: 1172 mm, laius: 828 mm, s\u00fcgavus: 480 mm, kasutegur: 80%, suitsugaasi temperatuur: 256\u00b0C<\/em><\/p>\n<p><em><strong>Hind: 2 808\u20ac\u00a0 \u00a0 \u00a0 \u00a0<\/strong><\/em><\/p>\n<p><em>Tehniline joonis: <a href=\"http:\/\/kaminameister.ee\/wp-content\/uploads\/2024\/06\/iline-5183-df-tehniline-joonis-ii.pdf\">iLine 5183 DF tehniline joonis II<\/a><\/em><\/p>\n","protected":false},"featured_media":1834,"comment_status":"open","ping_status":"closed","template":"","meta":{"_et_pb_use_builder":"","_et_pb_old_content":"","_et_gb_content_width":""},"product_brand":[139],"product_cat":[67,32],"product_tag":[],"class_list":{"0":"post-1830","1":"product","2":"type-product","3":"status-publish","4":"has-post-thumbnail","6":"product_brand-dorako","7":"product_cat-kahepoolsed","8":"product_cat-kaminasudamikud","9":"pa_brand-endine-kfd-ja-gabriel","11":"first","12":"instock","13":"shipping-taxable","14":"purchasable","15":"product-type-simple"},"_links":{"self":[{"href":"https:\/\/kaminameister.ee\/en\/wp-json\/wp\/v2\/product\/1830","targetHints":{"allow":["GET"]}}],"collection":[{"href":"https:\/\/kaminameister.ee\/en\/wp-json\/wp\/v2\/product"}],"about":[{"href":"https:\/\/kaminameister.ee\/en\/wp-json\/wp\/v2\/types\/product"}],"replies":[{"embeddable":true,"href":"https:\/\/kaminameister.ee\/en\/wp-json\/wp\/v2\/comments?post=1830"}],"wp:featuredmedia":[{"embeddable":true,"href":"https:\/\/kaminameister.ee\/en\/wp-json\/wp\/v2\/media\/1834"}],"wp:attachment":[{"href":"https:\/\/kaminameister.ee\/en\/wp-json\/wp\/v2\/media?parent=1830"}],"wp:term":[{"taxonomy":"product_brand","embeddable":true,"href":"https:\/\/kaminameister.ee\/en\/wp-json\/wp\/v2\/product_brand?post=1830"},{"taxonomy":"product_cat","embeddable":true,"href":"https:\/\/kaminameister.ee\/en\/wp-json\/wp\/v2\/product_cat?post=1830"},{"taxonomy":"product_tag","embeddable":true,"href":"https:\/\/kaminameister.ee\/en\/wp-json\/wp\/v2\/product_tag?post=1830"}],"curies":[{"name":"wp","href":"https:\/\/api.w.org\/{rel}","templated":true}]}}