{"id":1823,"date":"2024-06-17T14:36:20","date_gmt":"2024-06-17T11:36:20","guid":{"rendered":"http:\/\/kaminameister.ee\/?post_type=product&#038;p=1823"},"modified":"2026-05-08T12:01:12","modified_gmt":"2026-05-08T09:01:12","slug":"bef-therm-v10-ubef-home","status":"publish","type":"product","link":"https:\/\/kaminameister.ee\/en\/tooted\/kaminasudamikud\/kolme-klaasiga\/bef-therm-v10-ubef-home\/","title":{"rendered":"BeF Therm V10 U(BeF Home)"},"content":{"rendered":"","protected":false},"excerpt":{"rendered":"<p><i>\u00a0Suitsutoru diameeter 200 mm.Ukseraam hinna sees ! \u00d5hutoru d.150 mm. <\/i><em>Kaal: 434 kg, nominaalv\u00f5imsus: 13 kW, k\u00f5rgus: 1598 mm, laius: 1225 mm, s\u00fcgavus: 685 mm, kasutegur: 84%, suitsugaasi temperatuur: 235\u00b0C.<\/em><\/p>\n<p><strong><em>Hind: 8 668\u20ac Soodushind: 6 242\u20ac\u00a0<\/em><\/strong><\/p>\n<p><em>Tehniline joonis:<a href=\"http:\/\/kaminameister.ee\/wp-content\/uploads\/2024\/06\/bef-therm-v-10-u.pdf\">BeF Therm V 10 U<\/a><\/em><\/p>\n","protected":false},"featured_media":1827,"comment_status":"open","ping_status":"closed","template":"","meta":{"_et_pb_use_builder":"","_et_pb_old_content":"","_et_gb_content_width":""},"product_brand":[135],"product_cat":[32,66],"product_tag":[],"class_list":{"0":"post-1823","1":"product","2":"type-product","3":"status-publish","4":"has-post-thumbnail","6":"product_brand-bef-home","7":"product_cat-kaminasudamikud","8":"product_cat-kolme-klaasiga","9":"pa_brand-bef-home","11":"first","12":"instock","13":"sale","14":"shipping-taxable","15":"purchasable","16":"product-type-simple"},"_links":{"self":[{"href":"https:\/\/kaminameister.ee\/en\/wp-json\/wp\/v2\/product\/1823","targetHints":{"allow":["GET"]}}],"collection":[{"href":"https:\/\/kaminameister.ee\/en\/wp-json\/wp\/v2\/product"}],"about":[{"href":"https:\/\/kaminameister.ee\/en\/wp-json\/wp\/v2\/types\/product"}],"replies":[{"embeddable":true,"href":"https:\/\/kaminameister.ee\/en\/wp-json\/wp\/v2\/comments?post=1823"}],"wp:featuredmedia":[{"embeddable":true,"href":"https:\/\/kaminameister.ee\/en\/wp-json\/wp\/v2\/media\/1827"}],"wp:attachment":[{"href":"https:\/\/kaminameister.ee\/en\/wp-json\/wp\/v2\/media?parent=1823"}],"wp:term":[{"taxonomy":"product_brand","embeddable":true,"href":"https:\/\/kaminameister.ee\/en\/wp-json\/wp\/v2\/product_brand?post=1823"},{"taxonomy":"product_cat","embeddable":true,"href":"https:\/\/kaminameister.ee\/en\/wp-json\/wp\/v2\/product_cat?post=1823"},{"taxonomy":"product_tag","embeddable":true,"href":"https:\/\/kaminameister.ee\/en\/wp-json\/wp\/v2\/product_tag?post=1823"}],"curies":[{"name":"wp","href":"https:\/\/api.w.org\/{rel}","templated":true}]}}