{"id":1809,"date":"2024-06-17T14:26:40","date_gmt":"2024-06-17T11:26:40","guid":{"rendered":"http:\/\/kaminameister.ee\/?post_type=product&#038;p=1809"},"modified":"2026-05-08T12:02:17","modified_gmt":"2026-05-08T09:02:17","slug":"bef-therm-v-8-u-bef-home","status":"publish","type":"product","link":"https:\/\/kaminameister.ee\/en\/tooted\/kaminasudamikud\/kolme-klaasiga\/bef-therm-v-8-u-bef-home\/","title":{"rendered":"BeF Therm V 8 U (Bef Home)"},"content":{"rendered":"","protected":false},"excerpt":{"rendered":"<p><i>Suitsutoru diameeter d 200 mm.<\/i>\u00a0<i>Ukseraam hinna sees ! <\/i><em>Kaal: 380 kg, nominaalv\u00f5imsus: 8 kW, k\u00f5rgus: 1598 mm, laius: 1025 mm, s\u00fcgavus: 685 mm, kasutegur: 84%, suitsugaasi temperatuur: 257\u00b0C, CO: 0.08%<\/em><\/p>\n<p><strong><em>Hind: 6 857\u20ac\u00a0 Soodushind: 5 730\u20ac<\/em><\/strong><\/p>\n<p><em>Tehniline joonis: <a href=\"http:\/\/kaminameister.ee\/wp-content\/uploads\/2024\/06\/bef-therm-v-8-u.pdf\">BeF Therm V 8 U<\/a><\/em><\/p>\n","protected":false},"featured_media":1813,"comment_status":"open","ping_status":"closed","template":"","meta":{"_et_pb_use_builder":"","_et_pb_old_content":"","_et_gb_content_width":""},"product_brand":[135],"product_cat":[32,66],"product_tag":[],"class_list":{"0":"post-1809","1":"product","2":"type-product","3":"status-publish","4":"has-post-thumbnail","6":"product_brand-bef-home","7":"product_cat-kaminasudamikud","8":"product_cat-kolme-klaasiga","9":"pa_brand-bef-home","11":"first","12":"instock","13":"sale","14":"shipping-taxable","15":"purchasable","16":"product-type-simple"},"_links":{"self":[{"href":"https:\/\/kaminameister.ee\/en\/wp-json\/wp\/v2\/product\/1809","targetHints":{"allow":["GET"]}}],"collection":[{"href":"https:\/\/kaminameister.ee\/en\/wp-json\/wp\/v2\/product"}],"about":[{"href":"https:\/\/kaminameister.ee\/en\/wp-json\/wp\/v2\/types\/product"}],"replies":[{"embeddable":true,"href":"https:\/\/kaminameister.ee\/en\/wp-json\/wp\/v2\/comments?post=1809"}],"wp:featuredmedia":[{"embeddable":true,"href":"https:\/\/kaminameister.ee\/en\/wp-json\/wp\/v2\/media\/1813"}],"wp:attachment":[{"href":"https:\/\/kaminameister.ee\/en\/wp-json\/wp\/v2\/media?parent=1809"}],"wp:term":[{"taxonomy":"product_brand","embeddable":true,"href":"https:\/\/kaminameister.ee\/en\/wp-json\/wp\/v2\/product_brand?post=1809"},{"taxonomy":"product_cat","embeddable":true,"href":"https:\/\/kaminameister.ee\/en\/wp-json\/wp\/v2\/product_cat?post=1809"},{"taxonomy":"product_tag","embeddable":true,"href":"https:\/\/kaminameister.ee\/en\/wp-json\/wp\/v2\/product_tag?post=1809"}],"curies":[{"name":"wp","href":"https:\/\/api.w.org\/{rel}","templated":true}]}}