{"id":1738,"date":"2024-06-07T15:49:17","date_gmt":"2024-06-07T12:49:17","guid":{"rendered":"http:\/\/kaminameister.ee\/?post_type=product&#038;p=1738"},"modified":"2026-05-08T12:04:02","modified_gmt":"2026-05-08T09:04:02","slug":"bef-therm-6-c-ja-therm-v-6-cbef-home","status":"publish","type":"product","link":"https:\/\/kaminameister.ee\/en\/tooted\/kaminasudamikud\/kolme-klaasiga\/bef-therm-6-c-ja-therm-v-6-cbef-home\/","title":{"rendered":"BeF Therm 6 C (BeF Home)"},"content":{"rendered":"","protected":false},"excerpt":{"rendered":"<p><i>Suitsutoru d.180 mm.<\/i><\/p>\n<p><i><\/i><em>BeF Therm 6 C. Kaal: 133 kg, nominaalv\u00f5imsus: 6 kW, k\u00f5rgus: 1102 mm, laius: 670 mm, s\u00fcgavus: 469 mm, kasutegur: 82%, suitsugaasi temperatuur: 262\u00b0C, CO: 0.0873%<\/em><\/p>\n<p><em><strong>Hind:\u00a0 3 844\u20ac Soodushind: 3 261\u20ac<\/strong><\/em><\/p>\n<p><em>Tehniline joonis:\u00a0 <a href=\"http:\/\/kaminameister.ee\/wp-content\/uploads\/2024\/06\/bef-therm-6-c.pdf\">BeF Therm 6 C<\/a><\/em><\/p>\n<p>&nbsp;<\/p>\n","protected":false},"featured_media":1787,"comment_status":"open","ping_status":"closed","template":"","meta":{"_et_pb_use_builder":"","_et_pb_old_content":"","_et_gb_content_width":""},"product_brand":[135],"product_cat":[32,66],"product_tag":[],"class_list":{"0":"post-1738","1":"product","2":"type-product","3":"status-publish","4":"has-post-thumbnail","6":"product_brand-bef-home","7":"product_cat-kaminasudamikud","8":"product_cat-kolme-klaasiga","9":"pa_brand-bef-home","11":"first","12":"instock","13":"sale","14":"shipping-taxable","15":"purchasable","16":"product-type-simple"},"_links":{"self":[{"href":"https:\/\/kaminameister.ee\/en\/wp-json\/wp\/v2\/product\/1738","targetHints":{"allow":["GET"]}}],"collection":[{"href":"https:\/\/kaminameister.ee\/en\/wp-json\/wp\/v2\/product"}],"about":[{"href":"https:\/\/kaminameister.ee\/en\/wp-json\/wp\/v2\/types\/product"}],"replies":[{"embeddable":true,"href":"https:\/\/kaminameister.ee\/en\/wp-json\/wp\/v2\/comments?post=1738"}],"wp:featuredmedia":[{"embeddable":true,"href":"https:\/\/kaminameister.ee\/en\/wp-json\/wp\/v2\/media\/1787"}],"wp:attachment":[{"href":"https:\/\/kaminameister.ee\/en\/wp-json\/wp\/v2\/media?parent=1738"}],"wp:term":[{"taxonomy":"product_brand","embeddable":true,"href":"https:\/\/kaminameister.ee\/en\/wp-json\/wp\/v2\/product_brand?post=1738"},{"taxonomy":"product_cat","embeddable":true,"href":"https:\/\/kaminameister.ee\/en\/wp-json\/wp\/v2\/product_cat?post=1738"},{"taxonomy":"product_tag","embeddable":true,"href":"https:\/\/kaminameister.ee\/en\/wp-json\/wp\/v2\/product_tag?post=1738"}],"curies":[{"name":"wp","href":"https:\/\/api.w.org\/{rel}","templated":true}]}}