{"id":1731,"date":"2024-06-07T15:37:23","date_gmt":"2024-06-07T12:37:23","guid":{"rendered":"http:\/\/kaminameister.ee\/?post_type=product&#038;p=1731"},"modified":"2026-05-08T12:05:17","modified_gmt":"2026-05-08T09:05:17","slug":"bef-feel-6-cbef-home","status":"publish","type":"product","link":"https:\/\/kaminameister.ee\/en\/tooted\/kaminasudamikud\/kolme-klaasiga\/bef-feel-6-cbef-home\/","title":{"rendered":"BeF Feel 6 C(BeF Home)"},"content":{"rendered":"","protected":false},"excerpt":{"rendered":"<p><i>Seerias FEEL on v\u00e4ikseima s\u00fcgavusega kaminas\u00fcdamikud.Suitsutoru diameeter 180 mm. <\/i><em>Kaal: 115 kg, nominaalv\u00f5imsus: 5 kW, k\u00f5rgus: 1102 mm, laius: 670 mm, s\u00fcgavus: 395 mm, kasutegur: 84%, Suitsugaasi temperatuur: 206\u00b0C<\/em><\/p>\n<p><strong><em>Hind: 3 726\u20ac<\/em><\/strong><\/p>\n<p><em>Tehniline joonis: <strong><a href=\"http:\/\/kaminameister.ee\/wp-content\/uploads\/2024\/06\/bef-feel-6-c.pdf\">BeF Feel 6 C<\/a><\/strong><\/em><\/p>\n","protected":false},"featured_media":1735,"comment_status":"open","ping_status":"closed","template":"","meta":{"_et_pb_use_builder":"","_et_pb_old_content":"","_et_gb_content_width":""},"product_brand":[135],"product_cat":[32,66],"product_tag":[],"class_list":{"0":"post-1731","1":"product","2":"type-product","3":"status-publish","4":"has-post-thumbnail","6":"product_brand-bef-home","7":"product_cat-kaminasudamikud","8":"product_cat-kolme-klaasiga","9":"pa_brand-bef-home","11":"first","12":"instock","13":"shipping-taxable","14":"purchasable","15":"product-type-simple"},"_links":{"self":[{"href":"https:\/\/kaminameister.ee\/en\/wp-json\/wp\/v2\/product\/1731","targetHints":{"allow":["GET"]}}],"collection":[{"href":"https:\/\/kaminameister.ee\/en\/wp-json\/wp\/v2\/product"}],"about":[{"href":"https:\/\/kaminameister.ee\/en\/wp-json\/wp\/v2\/types\/product"}],"replies":[{"embeddable":true,"href":"https:\/\/kaminameister.ee\/en\/wp-json\/wp\/v2\/comments?post=1731"}],"wp:featuredmedia":[{"embeddable":true,"href":"https:\/\/kaminameister.ee\/en\/wp-json\/wp\/v2\/media\/1735"}],"wp:attachment":[{"href":"https:\/\/kaminameister.ee\/en\/wp-json\/wp\/v2\/media?parent=1731"}],"wp:term":[{"taxonomy":"product_brand","embeddable":true,"href":"https:\/\/kaminameister.ee\/en\/wp-json\/wp\/v2\/product_brand?post=1731"},{"taxonomy":"product_cat","embeddable":true,"href":"https:\/\/kaminameister.ee\/en\/wp-json\/wp\/v2\/product_cat?post=1731"},{"taxonomy":"product_tag","embeddable":true,"href":"https:\/\/kaminameister.ee\/en\/wp-json\/wp\/v2\/product_tag?post=1731"}],"curies":[{"name":"wp","href":"https:\/\/api.w.org\/{rel}","templated":true}]}}