{"id":1710,"date":"2024-06-07T15:03:11","date_gmt":"2024-06-07T12:03:11","guid":{"rendered":"http:\/\/kaminameister.ee\/?post_type=product&#038;p=1710"},"modified":"2026-03-25T11:49:42","modified_gmt":"2026-03-25T09:49:42","slug":"max-7-3-f-ja-imax-7-3f-standard-dorako","status":"publish","type":"product","link":"https:\/\/kaminameister.ee\/en\/tooted\/kaminasudamikud\/kolme-klaasiga\/max-7-3-f-ja-imax-7-3f-standard-dorako\/","title":{"rendered":"Eco Max 7 3 F ja iMax 7 3F Standard (Dorako)"},"content":{"rendered":"","protected":false},"excerpt":{"rendered":"<p><i>Nurgaklaasidega ja klapiga.K\u00fcljeklaasid avanevad k\u00fclgedele,esimene klaas j\u00e4\u00e4b suletuks ! Suitsutoru d.200 mm.<\/i><em>Kaal: 120 kg, nominaalv\u00f5imsus: 14 kW, k\u00f5rgus: 720 mm, laius: 750 mm, s\u00fcgavus: 455 mm, kasutegur: 71%,suitsugaasi temperatuur 257 \u2070C .\u00a0\u00a0<\/em><\/p>\n<p><em><strong>Eco Max 7 3F standard, hind 2 209\u20ac<\/strong><\/em><\/p>\n<p><strong><em>Eco iMax 7 3 F standard, taustv\u00e4rvitud klaasuksega, hind 2 615\u20ac<\/em><\/strong><\/p>\n<p>Tehniline joonis: <a href=\"http:\/\/kaminameister.ee\/wp-content\/uploads\/2024\/06\/max_7_3f_standard.pdf\">MAX_7_3F_standard<\/a><\/p>\n<p>&nbsp;<\/p>\n","protected":false},"featured_media":1714,"comment_status":"open","ping_status":"closed","template":"","meta":{"_et_pb_use_builder":"","_et_pb_old_content":"","_et_gb_content_width":""},"product_brand":[139],"product_cat":[32,66],"product_tag":[],"class_list":{"0":"post-1710","1":"product","2":"type-product","3":"status-publish","4":"has-post-thumbnail","6":"product_brand-dorako","7":"product_cat-kaminasudamikud","8":"product_cat-kolme-klaasiga","9":"pa_brand-endine-kfd-ja-gabriel","11":"first","12":"instock","13":"shipping-taxable","14":"purchasable","15":"product-type-simple"},"_links":{"self":[{"href":"https:\/\/kaminameister.ee\/en\/wp-json\/wp\/v2\/product\/1710","targetHints":{"allow":["GET"]}}],"collection":[{"href":"https:\/\/kaminameister.ee\/en\/wp-json\/wp\/v2\/product"}],"about":[{"href":"https:\/\/kaminameister.ee\/en\/wp-json\/wp\/v2\/types\/product"}],"replies":[{"embeddable":true,"href":"https:\/\/kaminameister.ee\/en\/wp-json\/wp\/v2\/comments?post=1710"}],"wp:featuredmedia":[{"embeddable":true,"href":"https:\/\/kaminameister.ee\/en\/wp-json\/wp\/v2\/media\/1714"}],"wp:attachment":[{"href":"https:\/\/kaminameister.ee\/en\/wp-json\/wp\/v2\/media?parent=1710"}],"wp:term":[{"taxonomy":"product_brand","embeddable":true,"href":"https:\/\/kaminameister.ee\/en\/wp-json\/wp\/v2\/product_brand?post=1710"},{"taxonomy":"product_cat","embeddable":true,"href":"https:\/\/kaminameister.ee\/en\/wp-json\/wp\/v2\/product_cat?post=1710"},{"taxonomy":"product_tag","embeddable":true,"href":"https:\/\/kaminameister.ee\/en\/wp-json\/wp\/v2\/product_tag?post=1710"}],"curies":[{"name":"wp","href":"https:\/\/api.w.org\/{rel}","templated":true}]}}