{"id":1683,"date":"2024-06-07T14:10:21","date_gmt":"2024-06-07T11:10:21","guid":{"rendered":"http:\/\/kaminameister.ee\/?post_type=product&#038;p=1683"},"modified":"2026-05-08T12:06:15","modified_gmt":"2026-05-08T09:06:15","slug":"bef-therm-v-10-cp-ja-clbef-home","status":"publish","type":"product","link":"https:\/\/kaminameister.ee\/en\/tooted\/kaminasudamikud\/nurga-klaasiga\/bef-therm-v-10-cp-ja-clbef-home\/","title":{"rendered":"BeF Therm V 10 CP ja CL(BeF Home)"},"content":{"rendered":"","protected":false},"excerpt":{"rendered":"<p><i>Nurgaklaas paremal v\u00f5i vasakul,\u00fclesk\u00e4iva uksega,suitsutoru diameeter 200 mm.\u00d5hutoru d.150 mm.<\/i><em>Kaal: 287 kg, nominaalv\u00f5imsus: 13 kW, k\u00f5rgus: 1582 mm, laius: 1061 mm, s\u00fcgavus: 585 mm, kasutegur: 83.9%, suitsugaasi temperatuur: 235\u2070C<\/em><\/p>\n<p><i><strong>Hind: 5 146\u20ac\u00a0 \u00a0<\/strong> <strong>Soodushind: 4 705\u20ac<\/strong>\u00a0 \u00a0 \u00a0Ukseraam : 260 \u20ac\u00a0 .<\/i><i>Valge v\u00f5i must sirge carcon sisu: 122\u20ac.<\/i><\/p>\n<p><em>Tehniline joonis: <a href=\"http:\/\/kaminameister.ee\/wp-content\/uploads\/2024\/06\/bef-therm-v-10-cp.pdf\">BeF Therm V 10 CP<\/a><\/em><\/p>\n","protected":false},"featured_media":1687,"comment_status":"open","ping_status":"closed","template":"","meta":{"_et_pb_use_builder":"","_et_pb_old_content":"","_et_gb_content_width":""},"product_brand":[135],"product_cat":[32,65],"product_tag":[],"class_list":{"0":"post-1683","1":"product","2":"type-product","3":"status-publish","4":"has-post-thumbnail","6":"product_brand-bef-home","7":"product_cat-kaminasudamikud","8":"product_cat-nurga-klaasiga","9":"pa_brand-bef-home","11":"first","12":"instock","13":"sale","14":"shipping-taxable","15":"purchasable","16":"product-type-simple"},"_links":{"self":[{"href":"https:\/\/kaminameister.ee\/en\/wp-json\/wp\/v2\/product\/1683","targetHints":{"allow":["GET"]}}],"collection":[{"href":"https:\/\/kaminameister.ee\/en\/wp-json\/wp\/v2\/product"}],"about":[{"href":"https:\/\/kaminameister.ee\/en\/wp-json\/wp\/v2\/types\/product"}],"replies":[{"embeddable":true,"href":"https:\/\/kaminameister.ee\/en\/wp-json\/wp\/v2\/comments?post=1683"}],"wp:featuredmedia":[{"embeddable":true,"href":"https:\/\/kaminameister.ee\/en\/wp-json\/wp\/v2\/media\/1687"}],"wp:attachment":[{"href":"https:\/\/kaminameister.ee\/en\/wp-json\/wp\/v2\/media?parent=1683"}],"wp:term":[{"taxonomy":"product_brand","embeddable":true,"href":"https:\/\/kaminameister.ee\/en\/wp-json\/wp\/v2\/product_brand?post=1683"},{"taxonomy":"product_cat","embeddable":true,"href":"https:\/\/kaminameister.ee\/en\/wp-json\/wp\/v2\/product_cat?post=1683"},{"taxonomy":"product_tag","embeddable":true,"href":"https:\/\/kaminameister.ee\/en\/wp-json\/wp\/v2\/product_tag?post=1683"}],"curies":[{"name":"wp","href":"https:\/\/api.w.org\/{rel}","templated":true}]}}