{"id":1663,"date":"2024-06-07T13:49:52","date_gmt":"2024-06-07T10:49:52","guid":{"rendered":"http:\/\/kaminameister.ee\/?post_type=product&#038;p=1663"},"modified":"2026-05-08T12:06:46","modified_gmt":"2026-05-08T09:06:46","slug":"bef-therm-8-cp-cl-ja-v-8-cp-cl-bef-home","status":"publish","type":"product","link":"https:\/\/kaminameister.ee\/en\/tooted\/kaminasudamikud\/nurga-klaasiga\/bef-therm-8-cp-cl-ja-v-8-cp-cl-bef-home\/","title":{"rendered":"BeF Therm 8 CP\/CL (BeF Home)"},"content":{"rendered":"","protected":false},"excerpt":{"rendered":"<p><i>Nurgaklaas paremal v\u00f5i vasakul,suitsutoru diameeter 200 mm.<\/i><\/p>\n<p><i>BeF Therm\u00a0 8 CP\/CL : <\/i><em>Kaal: 152 kg, nominaalv\u00f5imsus: 8 kW, k\u00f5rgus: 1161 mm, laius: 710 mm, s\u00fcgavus: 457 mm, kasutegur: 83.9%, suitsugaasi temperatuur: 257\u00b0C<\/em><\/p>\n<p><em><strong>Hind: 3 546\u20ac\u00a0 Soodushind: 2 841\u20ac<\/strong>\u00a0\u00a0<i>Ukseraam : 226 \u20ac\u00a0 \u00a0 <\/i><\/em><i>Valge v\u00f5i must sirge carcon sisu: 122\u20ac.<\/i><\/p>\n<p><em>Tehniline joonis: <a href=\"http:\/\/kaminameister.ee\/wp-content\/uploads\/2024\/06\/bef-therm-8-cl.pdf\">BeF Therm 8 CL<\/a><\/em><\/p>\n<p>&nbsp;<\/p>\n<p>&nbsp;<\/p>\n","protected":false},"featured_media":1670,"comment_status":"open","ping_status":"closed","template":"","meta":{"_et_pb_use_builder":"","_et_pb_old_content":"","_et_gb_content_width":""},"product_brand":[135],"product_cat":[32,65],"product_tag":[],"class_list":{"0":"post-1663","1":"product","2":"type-product","3":"status-publish","4":"has-post-thumbnail","6":"product_brand-bef-home","7":"product_cat-kaminasudamikud","8":"product_cat-nurga-klaasiga","9":"pa_brand-bef-home","11":"first","12":"instock","13":"sale","14":"shipping-taxable","15":"purchasable","16":"product-type-simple"},"_links":{"self":[{"href":"https:\/\/kaminameister.ee\/en\/wp-json\/wp\/v2\/product\/1663","targetHints":{"allow":["GET"]}}],"collection":[{"href":"https:\/\/kaminameister.ee\/en\/wp-json\/wp\/v2\/product"}],"about":[{"href":"https:\/\/kaminameister.ee\/en\/wp-json\/wp\/v2\/types\/product"}],"replies":[{"embeddable":true,"href":"https:\/\/kaminameister.ee\/en\/wp-json\/wp\/v2\/comments?post=1663"}],"wp:featuredmedia":[{"embeddable":true,"href":"https:\/\/kaminameister.ee\/en\/wp-json\/wp\/v2\/media\/1670"}],"wp:attachment":[{"href":"https:\/\/kaminameister.ee\/en\/wp-json\/wp\/v2\/media?parent=1663"}],"wp:term":[{"taxonomy":"product_brand","embeddable":true,"href":"https:\/\/kaminameister.ee\/en\/wp-json\/wp\/v2\/product_brand?post=1663"},{"taxonomy":"product_cat","embeddable":true,"href":"https:\/\/kaminameister.ee\/en\/wp-json\/wp\/v2\/product_cat?post=1663"},{"taxonomy":"product_tag","embeddable":true,"href":"https:\/\/kaminameister.ee\/en\/wp-json\/wp\/v2\/product_tag?post=1663"}],"curies":[{"name":"wp","href":"https:\/\/api.w.org\/{rel}","templated":true}]}}