{"id":1650,"date":"2024-06-07T13:32:10","date_gmt":"2024-06-07T10:32:10","guid":{"rendered":"http:\/\/kaminameister.ee\/?post_type=product&#038;p=1650"},"modified":"2026-05-08T12:07:20","modified_gmt":"2026-05-08T09:07:20","slug":"bef-feel-8-cp-cl-ja-v-8-cp-cl-bef-home","status":"publish","type":"product","link":"https:\/\/kaminameister.ee\/en\/tooted\/kaminasudamikud\/nurga-klaasiga\/bef-feel-8-cp-cl-ja-v-8-cp-cl-bef-home\/","title":{"rendered":"BeF Feel 8 CP\/CL (BeF Home)"},"content":{"rendered":"","protected":false},"excerpt":{"rendered":"<p><i>Suitsutoru diameeter 180 mm.<\/i><\/p>\n<p><i>\u00a0<\/i><em>Kaal: 129 kg, nominaalv\u00f5imsus: 8 kW, k\u00f5rgus: 1161 mm, laius: 710 mm, s\u00fcgavus: 390 mm, kasutegur: 85%, suitsugaasi temperatuur: 212\u2070C<\/em><\/p>\n<p><i><strong>Hind: 3 596\u20ac\u00a0 \u00a0Soodushind: 2 748\u20ac\u00a0 \u00a0<\/strong> Ukseraam : 223 \u20ac\u00a0 \u00a0 <\/i><i>Valge v\u00f5i must sirge carcon sisu: 122\u20ac.<\/i><\/p>\n<p><em>Tehniline joonis:\u00a0 <a href=\"http:\/\/kaminameister.ee\/wp-content\/uploads\/2024\/06\/bef-feel-8-cp-uus.pdf\">BeF Feel 8 CP uus<\/a><\/em><\/p>\n<p>&nbsp;<\/p>\n<p>&nbsp;<\/p>\n<p>&nbsp;<\/p>\n","protected":false},"featured_media":1657,"comment_status":"open","ping_status":"closed","template":"","meta":{"_et_pb_use_builder":"","_et_pb_old_content":"","_et_gb_content_width":""},"product_brand":[135],"product_cat":[32,65],"product_tag":[],"class_list":{"0":"post-1650","1":"product","2":"type-product","3":"status-publish","4":"has-post-thumbnail","6":"product_brand-bef-home","7":"product_cat-kaminasudamikud","8":"product_cat-nurga-klaasiga","9":"pa_brand-bef-home","11":"first","12":"instock","13":"sale","14":"shipping-taxable","15":"purchasable","16":"product-type-simple"},"_links":{"self":[{"href":"https:\/\/kaminameister.ee\/en\/wp-json\/wp\/v2\/product\/1650","targetHints":{"allow":["GET"]}}],"collection":[{"href":"https:\/\/kaminameister.ee\/en\/wp-json\/wp\/v2\/product"}],"about":[{"href":"https:\/\/kaminameister.ee\/en\/wp-json\/wp\/v2\/types\/product"}],"replies":[{"embeddable":true,"href":"https:\/\/kaminameister.ee\/en\/wp-json\/wp\/v2\/comments?post=1650"}],"wp:featuredmedia":[{"embeddable":true,"href":"https:\/\/kaminameister.ee\/en\/wp-json\/wp\/v2\/media\/1657"}],"wp:attachment":[{"href":"https:\/\/kaminameister.ee\/en\/wp-json\/wp\/v2\/media?parent=1650"}],"wp:term":[{"taxonomy":"product_brand","embeddable":true,"href":"https:\/\/kaminameister.ee\/en\/wp-json\/wp\/v2\/product_brand?post=1650"},{"taxonomy":"product_cat","embeddable":true,"href":"https:\/\/kaminameister.ee\/en\/wp-json\/wp\/v2\/product_cat?post=1650"},{"taxonomy":"product_tag","embeddable":true,"href":"https:\/\/kaminameister.ee\/en\/wp-json\/wp\/v2\/product_tag?post=1650"}],"curies":[{"name":"wp","href":"https:\/\/api.w.org\/{rel}","templated":true}]}}