{"id":1621,"date":"2024-06-06T15:59:24","date_gmt":"2024-06-06T12:59:24","guid":{"rendered":"http:\/\/kaminameister.ee\/?post_type=product&#038;p=1621"},"modified":"2026-05-08T12:08:39","modified_gmt":"2026-05-08T09:08:39","slug":"bef-feel-7-cp-cl-ja-v-7-cp-cl-bef-home","status":"publish","type":"product","link":"https:\/\/kaminameister.ee\/en\/tooted\/kaminasudamikud\/nurga-klaasiga\/bef-feel-7-cp-cl-ja-v-7-cp-cl-bef-home\/","title":{"rendered":"BeF Feel 7 CP\/CL(BeF Home)"},"content":{"rendered":"","protected":false},"excerpt":{"rendered":"<p><i>Seerias FEEL on v\u00e4ikseima s\u00fcgavusega kaminas\u00fcdamikud<\/i>. <i>Suitsutoru diameeter 150 mm. <\/i><\/p>\n<p><em>BeF Feel 7 CP\/CL: Kaal: 124 kg, nominaalv\u00f5imsus: 7 kW, k\u00f5rgus: 1161 mm, laius: 657 mm, s\u00fcgavus: 398 mm, kasutegur: 82.2%, suitsugaasi temperatuur: 232\u00b0C<\/em><\/p>\n<p><strong><em>Hind:2 964\u20ac\u00a0 Soodushind: 2 376\u20ac\u00a0 \u00a0 <\/em><\/strong><i>\u00a0<\/i><i>Ukseraam : 172 \u20ac\u00a0 Valge v\u00f5i must sirge carcon sisu: 122\u20ac.<\/i><\/p>\n<p><em>Tehniline joonis:\u00a0 <a href=\"http:\/\/kaminameister.ee\/wp-content\/uploads\/2024\/06\/beffeel7cl.pdf\">BeFFeel7CL<\/a><\/em><\/p>\n<p>&nbsp;<\/p>\n<p>&nbsp;<\/p>\n<p>&nbsp;<\/p>\n","protected":false},"featured_media":1631,"comment_status":"open","ping_status":"closed","template":"","meta":{"_et_pb_use_builder":"","_et_pb_old_content":"","_et_gb_content_width":""},"product_brand":[135],"product_cat":[32,65],"product_tag":[],"class_list":{"0":"post-1621","1":"product","2":"type-product","3":"status-publish","4":"has-post-thumbnail","6":"product_brand-bef-home","7":"product_cat-kaminasudamikud","8":"product_cat-nurga-klaasiga","9":"pa_brand-bef-home","11":"first","12":"instock","13":"sale","14":"shipping-taxable","15":"purchasable","16":"product-type-simple"},"_links":{"self":[{"href":"https:\/\/kaminameister.ee\/en\/wp-json\/wp\/v2\/product\/1621","targetHints":{"allow":["GET"]}}],"collection":[{"href":"https:\/\/kaminameister.ee\/en\/wp-json\/wp\/v2\/product"}],"about":[{"href":"https:\/\/kaminameister.ee\/en\/wp-json\/wp\/v2\/types\/product"}],"replies":[{"embeddable":true,"href":"https:\/\/kaminameister.ee\/en\/wp-json\/wp\/v2\/comments?post=1621"}],"wp:featuredmedia":[{"embeddable":true,"href":"https:\/\/kaminameister.ee\/en\/wp-json\/wp\/v2\/media\/1631"}],"wp:attachment":[{"href":"https:\/\/kaminameister.ee\/en\/wp-json\/wp\/v2\/media?parent=1621"}],"wp:term":[{"taxonomy":"product_brand","embeddable":true,"href":"https:\/\/kaminameister.ee\/en\/wp-json\/wp\/v2\/product_brand?post=1621"},{"taxonomy":"product_cat","embeddable":true,"href":"https:\/\/kaminameister.ee\/en\/wp-json\/wp\/v2\/product_cat?post=1621"},{"taxonomy":"product_tag","embeddable":true,"href":"https:\/\/kaminameister.ee\/en\/wp-json\/wp\/v2\/product_tag?post=1621"}],"curies":[{"name":"wp","href":"https:\/\/api.w.org\/{rel}","templated":true}]}}