{"id":1590,"date":"2024-06-06T15:11:11","date_gmt":"2024-06-06T12:11:11","guid":{"rendered":"http:\/\/kaminameister.ee\/?post_type=product&#038;p=1590"},"modified":"2026-05-08T12:11:09","modified_gmt":"2026-05-08T09:11:09","slug":"bef-feel-6-cp-cl-ja-v-6-cp-clbef-home","status":"publish","type":"product","link":"https:\/\/kaminameister.ee\/en\/tooted\/kaminasudamikud\/nurga-klaasiga\/bef-feel-6-cp-cl-ja-v-6-cp-clbef-home\/","title":{"rendered":"BeF Feel 6 CP\/CL (BeF Home)"},"content":{"rendered":"","protected":false},"excerpt":{"rendered":"<p><i>Seerias FEEL on v\u00e4ikseima s\u00fcgavusega kaminas\u00fcdamikud.Suitsutoru diameeter 150 mm.<\/i><\/p>\n<p><em>BeF Feel 6 CP v\u00f5i CL:\u00a0 Kaal: 114 kg, nominaalv\u00f5imsus: 5 kW, k\u00f5rgus: 1161 mm, laius: 587 mm, s\u00fcgavus: 387 mm, kasutegur: 84%, suitsugaasi temperatuur: 206 \u00b0C<\/em><\/p>\n<p><strong><em>Hind: 2 468\u20ac\u00a0 Soodushind: 2 143\u20ac\u00a0 \u00a0<\/em><\/strong><em><i>Valge v\u00f5i must sirge carcon sisu: 122\u20ac.<\/i><\/em><\/p>\n<p><em>Tehniline joonis: <a href=\"http:\/\/kaminameister.ee\/wp-content\/uploads\/2024\/06\/beffeel6cl.pdf\">BeFFeel6CL<\/a><\/em><\/p>\n<p>&nbsp;<\/p>\n<p>&nbsp;<\/p>\n","protected":false},"featured_media":1597,"comment_status":"open","ping_status":"closed","template":"","meta":{"_et_pb_use_builder":"","_et_pb_old_content":"","_et_gb_content_width":""},"product_brand":[135],"product_cat":[32,65],"product_tag":[],"class_list":{"0":"post-1590","1":"product","2":"type-product","3":"status-publish","4":"has-post-thumbnail","6":"product_brand-bef-home","7":"product_cat-kaminasudamikud","8":"product_cat-nurga-klaasiga","10":"first","11":"instock","12":"sale","13":"shipping-taxable","14":"purchasable","15":"product-type-simple"},"_links":{"self":[{"href":"https:\/\/kaminameister.ee\/en\/wp-json\/wp\/v2\/product\/1590","targetHints":{"allow":["GET"]}}],"collection":[{"href":"https:\/\/kaminameister.ee\/en\/wp-json\/wp\/v2\/product"}],"about":[{"href":"https:\/\/kaminameister.ee\/en\/wp-json\/wp\/v2\/types\/product"}],"replies":[{"embeddable":true,"href":"https:\/\/kaminameister.ee\/en\/wp-json\/wp\/v2\/comments?post=1590"}],"wp:featuredmedia":[{"embeddable":true,"href":"https:\/\/kaminameister.ee\/en\/wp-json\/wp\/v2\/media\/1597"}],"wp:attachment":[{"href":"https:\/\/kaminameister.ee\/en\/wp-json\/wp\/v2\/media?parent=1590"}],"wp:term":[{"taxonomy":"product_brand","embeddable":true,"href":"https:\/\/kaminameister.ee\/en\/wp-json\/wp\/v2\/product_brand?post=1590"},{"taxonomy":"product_cat","embeddable":true,"href":"https:\/\/kaminameister.ee\/en\/wp-json\/wp\/v2\/product_cat?post=1590"},{"taxonomy":"product_tag","embeddable":true,"href":"https:\/\/kaminameister.ee\/en\/wp-json\/wp\/v2\/product_tag?post=1590"}],"curies":[{"name":"wp","href":"https:\/\/api.w.org\/{rel}","templated":true}]}}