{"id":1545,"date":"2024-06-06T13:32:51","date_gmt":"2024-06-06T10:32:51","guid":{"rendered":"http:\/\/kaminameister.ee\/?post_type=product&#038;p=1545"},"modified":"2026-03-25T11:50:45","modified_gmt":"2026-03-25T09:50:45","slug":"iline-5172-l-voi-r-dorako","status":"publish","type":"product","link":"https:\/\/kaminameister.ee\/en\/tooted\/kaminasudamikud\/nurga-klaasiga\/iline-5172-l-voi-r-dorako\/","title":{"rendered":"Eco iLINE 5172 L v\u00f5i R (Dorako)"},"content":{"rendered":"","protected":false},"excerpt":{"rendered":"<p><i>nurgaklaas vasakul v\u00f5i paremal, l\u00f5\u00f5ri \u00fchendus diam. 200mm . <\/i><em>Kaal: 147 kg, nominaalv\u00f5imsus: 11 kW, k\u00f5rgus: 1189 mm, laius: 721 mm, s\u00fcgavus: 510 mm, kasutegur: 78,8%, suitsugaasi temperatuur: 261\u00b0C. <\/em><\/p>\n<p><i>klaasi m\u00f5\u00f5t 668*428 mm,nurgaklaas 363*428 mm .<\/i><\/p>\n<p><strong><em>Hind: 2 249\u20ac<\/em><\/strong><\/p>\n<p><em>Tehniline joonis:<\/em> <a href=\"http:\/\/kaminameister.ee\/wp-content\/uploads\/2024\/06\/iline_5172_l_r.pdf\">iLINE_5172_L_R<\/a><\/p>\n","protected":false},"featured_media":1550,"comment_status":"open","ping_status":"closed","template":"","meta":{"_et_pb_use_builder":"","_et_pb_old_content":"","_et_gb_content_width":""},"product_brand":[139],"product_cat":[32,65],"product_tag":[],"class_list":{"0":"post-1545","1":"product","2":"type-product","3":"status-publish","4":"has-post-thumbnail","6":"product_brand-dorako","7":"product_cat-kaminasudamikud","8":"product_cat-nurga-klaasiga","9":"pa_brand-endine-kfd-ja-gabriel","11":"first","12":"instock","13":"shipping-taxable","14":"purchasable","15":"product-type-simple"},"_links":{"self":[{"href":"https:\/\/kaminameister.ee\/en\/wp-json\/wp\/v2\/product\/1545","targetHints":{"allow":["GET"]}}],"collection":[{"href":"https:\/\/kaminameister.ee\/en\/wp-json\/wp\/v2\/product"}],"about":[{"href":"https:\/\/kaminameister.ee\/en\/wp-json\/wp\/v2\/types\/product"}],"replies":[{"embeddable":true,"href":"https:\/\/kaminameister.ee\/en\/wp-json\/wp\/v2\/comments?post=1545"}],"wp:featuredmedia":[{"embeddable":true,"href":"https:\/\/kaminameister.ee\/en\/wp-json\/wp\/v2\/media\/1550"}],"wp:attachment":[{"href":"https:\/\/kaminameister.ee\/en\/wp-json\/wp\/v2\/media?parent=1545"}],"wp:term":[{"taxonomy":"product_brand","embeddable":true,"href":"https:\/\/kaminameister.ee\/en\/wp-json\/wp\/v2\/product_brand?post=1545"},{"taxonomy":"product_cat","embeddable":true,"href":"https:\/\/kaminameister.ee\/en\/wp-json\/wp\/v2\/product_cat?post=1545"},{"taxonomy":"product_tag","embeddable":true,"href":"https:\/\/kaminameister.ee\/en\/wp-json\/wp\/v2\/product_tag?post=1545"}],"curies":[{"name":"wp","href":"https:\/\/api.w.org\/{rel}","templated":true}]}}