{"id":1538,"date":"2024-06-06T13:08:49","date_gmt":"2024-06-06T10:08:49","guid":{"rendered":"http:\/\/kaminameister.ee\/?post_type=product&#038;p=1538"},"modified":"2026-03-25T11:51:25","modified_gmt":"2026-03-25T09:51:25","slug":"iline-5161-l-voi-r-dorako","status":"publish","type":"product","link":"https:\/\/kaminameister.ee\/en\/tooted\/kaminasudamikud\/nurga-klaasiga\/iline-5161-l-voi-r-dorako\/","title":{"rendered":"Eco iLINE 5161 L v\u00f5i R (Dorako)"},"content":{"rendered":"","protected":false},"excerpt":{"rendered":"<p><i>Mudelil k\u00fcljeklaas vasakul v\u00f5i paremal pool,puuhalgude max.pikkus koldes 45 cm, suitsutoru diam.190\/200mm . <\/i><em>Kaal: 135 kg, nominaalv\u00f5imsus: 7-11 kW, k\u00f5rgus: 1189 mm, laius: 611 mm, s\u00fcgavus: 528 mm, kasutegur: 78%, suitsugaasi temperatuur: 245\u00b0C, CO: 0.18%. Klaasi m\u00f5\u00f5t 560*428 mm,nurgaklaas 363*428 mm.<\/em><\/p>\n<p><em><strong>Hind: 2 182\u20ac<\/strong><\/em><\/p>\n<p><em>Tehniline joonis: <a href=\"http:\/\/kaminameister.ee\/wp-content\/uploads\/2024\/06\/iline_5161_l_r.pdf\">iLINE_5161_L_R<\/a><\/em><\/p>\n","protected":false},"featured_media":1542,"comment_status":"open","ping_status":"closed","template":"","meta":{"_et_pb_use_builder":"","_et_pb_old_content":"","_et_gb_content_width":""},"product_brand":[139],"product_cat":[32,65],"product_tag":[],"class_list":{"0":"post-1538","1":"product","2":"type-product","3":"status-publish","4":"has-post-thumbnail","6":"product_brand-dorako","7":"product_cat-kaminasudamikud","8":"product_cat-nurga-klaasiga","9":"pa_brand-endine-kfd-ja-gabriel","11":"first","12":"instock","13":"shipping-taxable","14":"purchasable","15":"product-type-simple"},"_links":{"self":[{"href":"https:\/\/kaminameister.ee\/en\/wp-json\/wp\/v2\/product\/1538","targetHints":{"allow":["GET"]}}],"collection":[{"href":"https:\/\/kaminameister.ee\/en\/wp-json\/wp\/v2\/product"}],"about":[{"href":"https:\/\/kaminameister.ee\/en\/wp-json\/wp\/v2\/types\/product"}],"replies":[{"embeddable":true,"href":"https:\/\/kaminameister.ee\/en\/wp-json\/wp\/v2\/comments?post=1538"}],"wp:featuredmedia":[{"embeddable":true,"href":"https:\/\/kaminameister.ee\/en\/wp-json\/wp\/v2\/media\/1542"}],"wp:attachment":[{"href":"https:\/\/kaminameister.ee\/en\/wp-json\/wp\/v2\/media?parent=1538"}],"wp:term":[{"taxonomy":"product_brand","embeddable":true,"href":"https:\/\/kaminameister.ee\/en\/wp-json\/wp\/v2\/product_brand?post=1538"},{"taxonomy":"product_cat","embeddable":true,"href":"https:\/\/kaminameister.ee\/en\/wp-json\/wp\/v2\/product_cat?post=1538"},{"taxonomy":"product_tag","embeddable":true,"href":"https:\/\/kaminameister.ee\/en\/wp-json\/wp\/v2\/product_tag?post=1538"}],"curies":[{"name":"wp","href":"https:\/\/api.w.org\/{rel}","templated":true}]}}