{"id":1531,"date":"2024-06-06T12:59:14","date_gmt":"2024-06-06T09:59:14","guid":{"rendered":"http:\/\/kaminameister.ee\/?post_type=product&#038;p=1531"},"modified":"2026-03-25T11:52:22","modified_gmt":"2026-03-25T09:52:22","slug":"70-l-voi-r-dorako","status":"publish","type":"product","link":"https:\/\/kaminameister.ee\/en\/tooted\/kaminasudamikud\/nurga-klaasiga\/70-l-voi-r-dorako\/","title":{"rendered":"Eco 70 L v\u00f5i R (Dorako)"},"content":{"rendered":"","protected":false},"excerpt":{"rendered":"<p><i>Nurgaklaasiga ja klapiga.<sup>\u00a0<\/sup><\/i><i>Suitsutoru diam.200 mm . <\/i><em>Kaal: 110 kg, nominaalv\u00f5imsus: 7-17 kW, k\u00f5rgus: 861 mm, laius: 706 mm, s\u00fcgavus: 467 mm, kasutegur: 80%,suitsugaasi temperatuur 282 \u00b0C. <\/em><\/p>\n<p><i>klaasi m\u00f5\u00f5t 637*431 mm,nurgaklaas 372*431 mm.<\/i><b><i> <\/i><\/b><\/p>\n<p><b><i>Hind: 2 359\u20ac,\u00a0 mudel \u0161amottkoldega 40 mm<\/i><\/b><\/p>\n<p><em>Tehniline joonis: <a href=\"http:\/\/kaminameister.ee\/wp-content\/uploads\/2024\/06\/eco-70-l_r.pdf\">Eco 70 L_R<\/a><\/em><\/p>\n","protected":false},"featured_media":1535,"comment_status":"open","ping_status":"closed","template":"","meta":{"_et_pb_use_builder":"","_et_pb_old_content":"","_et_gb_content_width":""},"product_brand":[139],"product_cat":[32,65],"product_tag":[],"class_list":{"0":"post-1531","1":"product","2":"type-product","3":"status-publish","4":"has-post-thumbnail","6":"product_brand-dorako","7":"product_cat-kaminasudamikud","8":"product_cat-nurga-klaasiga","9":"pa_brand-endine-kfd-ja-gabriel","11":"first","12":"instock","13":"shipping-taxable","14":"purchasable","15":"product-type-simple"},"_links":{"self":[{"href":"https:\/\/kaminameister.ee\/en\/wp-json\/wp\/v2\/product\/1531","targetHints":{"allow":["GET"]}}],"collection":[{"href":"https:\/\/kaminameister.ee\/en\/wp-json\/wp\/v2\/product"}],"about":[{"href":"https:\/\/kaminameister.ee\/en\/wp-json\/wp\/v2\/types\/product"}],"replies":[{"embeddable":true,"href":"https:\/\/kaminameister.ee\/en\/wp-json\/wp\/v2\/comments?post=1531"}],"wp:featuredmedia":[{"embeddable":true,"href":"https:\/\/kaminameister.ee\/en\/wp-json\/wp\/v2\/media\/1535"}],"wp:attachment":[{"href":"https:\/\/kaminameister.ee\/en\/wp-json\/wp\/v2\/media?parent=1531"}],"wp:term":[{"taxonomy":"product_brand","embeddable":true,"href":"https:\/\/kaminameister.ee\/en\/wp-json\/wp\/v2\/product_brand?post=1531"},{"taxonomy":"product_cat","embeddable":true,"href":"https:\/\/kaminameister.ee\/en\/wp-json\/wp\/v2\/product_cat?post=1531"},{"taxonomy":"product_tag","embeddable":true,"href":"https:\/\/kaminameister.ee\/en\/wp-json\/wp\/v2\/product_tag?post=1531"}],"curies":[{"name":"wp","href":"https:\/\/api.w.org\/{rel}","templated":true}]}}