{"id":1527,"date":"2024-06-06T12:49:43","date_gmt":"2024-06-06T09:49:43","guid":{"rendered":"http:\/\/kaminameister.ee\/?post_type=product&#038;p=1527"},"modified":"2026-03-25T11:52:56","modified_gmt":"2026-03-25T09:52:56","slug":"ilux-90-lh-voi-rh-dorako","status":"publish","type":"product","link":"https:\/\/kaminameister.ee\/en\/tooted\/kaminasudamikud\/nurga-klaasiga\/ilux-90-lh-voi-rh-dorako\/","title":{"rendered":"Eco iLux 90 LH v\u00f5i RH (Dorako)"},"content":{"rendered":"","protected":false},"excerpt":{"rendered":"<p><i>Suitsutoru diam.180\/200 mm<\/i>. <em>Kaal\u00a0 200 kg, nominaalv\u00f5imsus: 6-16 kW, k\u00f5rgus: 1394 mm, laius: 917 mm, s\u00fcgavus: 604 mm, kasutegur: 77.2%, CO: 0.3%<\/em><\/p>\n<p><i>Klaasi m\u00f5\u00f5t\u00a0 \u00a0429*747 mm,k\u00fcljeklaas 429*433 mm.\u00a0 \u00a0 Nurgaklaas kahest klaasist!<\/i><\/p>\n<p><strong>Hind: 3 977\u20ac<\/strong><\/p>\n<p><em>\u00a0<\/em><\/p>\n","protected":false},"featured_media":3351,"comment_status":"open","ping_status":"closed","template":"","meta":{"_et_pb_use_builder":"","_et_pb_old_content":"","_et_gb_content_width":""},"product_brand":[139],"product_cat":[32,65],"product_tag":[],"class_list":{"0":"post-1527","1":"product","2":"type-product","3":"status-publish","4":"has-post-thumbnail","6":"product_brand-dorako","7":"product_cat-kaminasudamikud","8":"product_cat-nurga-klaasiga","9":"pa_brand-endine-kfd-ja-gabriel","11":"first","12":"instock","13":"shipping-taxable","14":"purchasable","15":"product-type-simple"},"_links":{"self":[{"href":"https:\/\/kaminameister.ee\/en\/wp-json\/wp\/v2\/product\/1527","targetHints":{"allow":["GET"]}}],"collection":[{"href":"https:\/\/kaminameister.ee\/en\/wp-json\/wp\/v2\/product"}],"about":[{"href":"https:\/\/kaminameister.ee\/en\/wp-json\/wp\/v2\/types\/product"}],"replies":[{"embeddable":true,"href":"https:\/\/kaminameister.ee\/en\/wp-json\/wp\/v2\/comments?post=1527"}],"wp:featuredmedia":[{"embeddable":true,"href":"https:\/\/kaminameister.ee\/en\/wp-json\/wp\/v2\/media\/3351"}],"wp:attachment":[{"href":"https:\/\/kaminameister.ee\/en\/wp-json\/wp\/v2\/media?parent=1527"}],"wp:term":[{"taxonomy":"product_brand","embeddable":true,"href":"https:\/\/kaminameister.ee\/en\/wp-json\/wp\/v2\/product_brand?post=1527"},{"taxonomy":"product_cat","embeddable":true,"href":"https:\/\/kaminameister.ee\/en\/wp-json\/wp\/v2\/product_cat?post=1527"},{"taxonomy":"product_tag","embeddable":true,"href":"https:\/\/kaminameister.ee\/en\/wp-json\/wp\/v2\/product_tag?post=1527"}],"curies":[{"name":"wp","href":"https:\/\/api.w.org\/{rel}","templated":true}]}}