{"id":1520,"date":"2024-06-06T12:38:37","date_gmt":"2024-06-06T09:38:37","guid":{"rendered":"http:\/\/kaminameister.ee\/?post_type=product&#038;p=1520"},"modified":"2026-03-25T11:53:25","modified_gmt":"2026-03-25T09:53:25","slug":"ilux-90-l-voi-rdorako","status":"publish","type":"product","link":"https:\/\/kaminameister.ee\/en\/tooted\/kaminasudamikud\/nurga-klaasiga\/ilux-90-l-voi-rdorako\/","title":{"rendered":"Eco iLux 90 L v\u00f5i R(Dorako)"},"content":{"rendered":"","protected":false},"excerpt":{"rendered":"<p>S<i>uitsutoru diam.180\/200 mm. <\/i><em>Kaal: 130 kg, nominaalv\u00f5imsus: 6-16 kW, k\u00f5rgus: 924 mm, laius: 782 mm, s\u00fcgavus: 485 mm, kasutegur: 77.2%,suitsugaasi temperatuur 250\u00b0C .<\/em> K<i>laasi m\u00f5\u00f5t 700*445 mm.,nurgaklaas 434*443 mm<\/i><\/p>\n<p><strong><em>Hind: 2 354\u20ac<\/em><\/strong><\/p>\n<p><em>Tehniline joonis:<\/em> <a href=\"http:\/\/kaminameister.ee\/wp-content\/uploads\/2024\/06\/ilux90__l_r.pdf\">iLUX90__L_R<\/a><\/p>\n","protected":false},"featured_media":1524,"comment_status":"open","ping_status":"closed","template":"","meta":{"_et_pb_use_builder":"","_et_pb_old_content":"","_et_gb_content_width":""},"product_brand":[139],"product_cat":[32,65],"product_tag":[],"class_list":{"0":"post-1520","1":"product","2":"type-product","3":"status-publish","4":"has-post-thumbnail","6":"product_brand-dorako","7":"product_cat-kaminasudamikud","8":"product_cat-nurga-klaasiga","9":"pa_brand-endine-kfd-ja-gabriel","11":"first","12":"instock","13":"shipping-taxable","14":"purchasable","15":"product-type-simple"},"_links":{"self":[{"href":"https:\/\/kaminameister.ee\/en\/wp-json\/wp\/v2\/product\/1520","targetHints":{"allow":["GET"]}}],"collection":[{"href":"https:\/\/kaminameister.ee\/en\/wp-json\/wp\/v2\/product"}],"about":[{"href":"https:\/\/kaminameister.ee\/en\/wp-json\/wp\/v2\/types\/product"}],"replies":[{"embeddable":true,"href":"https:\/\/kaminameister.ee\/en\/wp-json\/wp\/v2\/comments?post=1520"}],"wp:featuredmedia":[{"embeddable":true,"href":"https:\/\/kaminameister.ee\/en\/wp-json\/wp\/v2\/media\/1524"}],"wp:attachment":[{"href":"https:\/\/kaminameister.ee\/en\/wp-json\/wp\/v2\/media?parent=1520"}],"wp:term":[{"taxonomy":"product_brand","embeddable":true,"href":"https:\/\/kaminameister.ee\/en\/wp-json\/wp\/v2\/product_brand?post=1520"},{"taxonomy":"product_cat","embeddable":true,"href":"https:\/\/kaminameister.ee\/en\/wp-json\/wp\/v2\/product_cat?post=1520"},{"taxonomy":"product_tag","embeddable":true,"href":"https:\/\/kaminameister.ee\/en\/wp-json\/wp\/v2\/product_tag?post=1520"}],"curies":[{"name":"wp","href":"https:\/\/api.w.org\/{rel}","templated":true}]}}