{"id":1505,"date":"2024-06-06T12:16:56","date_gmt":"2024-06-06T09:16:56","guid":{"rendered":"http:\/\/kaminameister.ee\/?post_type=product&#038;p=1505"},"modified":"2026-03-25T11:56:30","modified_gmt":"2026-03-25T09:56:30","slug":"max-7-l-voi-r-standard-dorako","status":"publish","type":"product","link":"https:\/\/kaminameister.ee\/en\/tooted\/kaminasudamikud\/nurga-klaasiga\/max-7-l-voi-r-standard-dorako\/","title":{"rendered":"Eco Max 7 ja iMax L v\u00f5i R Standard (Dorako)"},"content":{"rendered":"","protected":false},"excerpt":{"rendered":"<p><i>Kaminas\u00fcdamikul k\u00fcljeklaas paremal v\u00f5i vasakul pool. Suitsutoru \u00fchenduse diam.200mm.<\/i><em>Kaal: 120 kg, nominaalv\u00f5imsus: 14 kW, k\u00f5rgus: 720 mm, laius: 720 mm, s\u00fcgavus: 460 mm, kasutegur: 71%,suitsugaasi temperatuur\u00a0 220 \u00b0C<\/em><\/p>\n<p><b><i>Mudel Eco\u00a0 Max 7 L v\u00f5i R Standard(uputatava p\u00f5hjaga) : hind 1 879 \u20ac\u00a0 \u00a0 \u00a0 \u00a0 \u00a0 \u00a0 <\/i><\/b><i>Klaasi m\u00f5\u00f5t 650*343 mm, nurgaklaas 309*343 mm.\u00a0<\/i><\/p>\n<p><b><i>Mudel Eco iMax 7 L v\u00f5i R Standard(uputatava p\u00f5hjaga,taustv\u00e4rvitud klaasiga) : hind 2 127 \u20ac\u00a0 \u00a0 <\/i><\/b><i>Klaasi m\u00f5\u00f5t 689 *393 mm, nurgaklaas 347*393 mm. <\/i><b><i>\u00a0 \u00a0 \u00a0 \u00a0 \u00a0<\/i><\/b><\/p>\n<p><b><i> \u00a0 Klapp: 63\u20ac<\/i><\/b><\/p>\n<p>Tehniline joonis: <a href=\"http:\/\/kaminameister.ee\/wp-content\/uploads\/2024\/06\/max_7_lr_standard.pdf\">MAX_7_LR_standard\u00a0\u00a0\u00a0\u00a0\u00a0\u00a0\u00a0\u00a0\u00a0 <\/a><a href=\"http:\/\/kaminameister.ee\/wp-content\/uploads\/2024\/06\/imax_7_lr_standard.pdf\">iMAX_7_LR_standard<\/a><\/p>\n<p><a href=\"http:\/\/kaminameister.ee\/wp-content\/uploads\/2024\/06\/max_7_lr_standard.pdf\">\u00a0<\/a><\/p>\n","protected":false},"featured_media":1506,"comment_status":"open","ping_status":"closed","template":"","meta":{"_et_pb_use_builder":"","_et_pb_old_content":"","_et_gb_content_width":""},"product_brand":[139],"product_cat":[32,65],"product_tag":[],"class_list":{"0":"post-1505","1":"product","2":"type-product","3":"status-publish","4":"has-post-thumbnail","6":"product_brand-dorako","7":"product_cat-kaminasudamikud","8":"product_cat-nurga-klaasiga","9":"pa_brand-endine-kfd-ja-gabriel","11":"first","12":"instock","13":"shipping-taxable","14":"purchasable","15":"product-type-simple"},"_links":{"self":[{"href":"https:\/\/kaminameister.ee\/en\/wp-json\/wp\/v2\/product\/1505","targetHints":{"allow":["GET"]}}],"collection":[{"href":"https:\/\/kaminameister.ee\/en\/wp-json\/wp\/v2\/product"}],"about":[{"href":"https:\/\/kaminameister.ee\/en\/wp-json\/wp\/v2\/types\/product"}],"replies":[{"embeddable":true,"href":"https:\/\/kaminameister.ee\/en\/wp-json\/wp\/v2\/comments?post=1505"}],"wp:featuredmedia":[{"embeddable":true,"href":"https:\/\/kaminameister.ee\/en\/wp-json\/wp\/v2\/media\/1506"}],"wp:attachment":[{"href":"https:\/\/kaminameister.ee\/en\/wp-json\/wp\/v2\/media?parent=1505"}],"wp:term":[{"taxonomy":"product_brand","embeddable":true,"href":"https:\/\/kaminameister.ee\/en\/wp-json\/wp\/v2\/product_brand?post=1505"},{"taxonomy":"product_cat","embeddable":true,"href":"https:\/\/kaminameister.ee\/en\/wp-json\/wp\/v2\/product_cat?post=1505"},{"taxonomy":"product_tag","embeddable":true,"href":"https:\/\/kaminameister.ee\/en\/wp-json\/wp\/v2\/product_tag?post=1505"}],"curies":[{"name":"wp","href":"https:\/\/api.w.org\/{rel}","templated":true}]}}