{"id":1489,"date":"2024-06-06T12:13:30","date_gmt":"2024-06-06T09:13:30","guid":{"rendered":"http:\/\/kaminameister.ee\/?post_type=product&#038;p=1489"},"modified":"2026-03-25T11:57:08","modified_gmt":"2026-03-25T09:57:08","slug":"max-7-l-voi-r-basic-dorako","status":"publish","type":"product","link":"https:\/\/kaminameister.ee\/en\/tooted\/kaminasudamikud\/nurga-klaasiga\/max-7-l-voi-r-basic-dorako\/","title":{"rendered":"Eco Max 7 L v\u00f5i R Basic (Dorako)"},"content":{"rendered":"","protected":false},"excerpt":{"rendered":"<p><i>Kaminas\u00fcdamikul k\u00fcljeklaas paremal v\u00f5i vasakul pool. Suitsutoru \u00fchenduse diam.200mm.<\/i><em>Kaal: 120 kg, nominaalv\u00f5imsus: 14 kW, k\u00f5rgus: 697 mm, laius: 700 mm, s\u00fcgavus: 465 mm, kasutegur: 71%,suitsugaasi temperatuur\u00a0 220 \u00b0C<\/em><\/p>\n<p><i>Klaasi m\u00f5\u00f5t 650 *343 mm, nurgaklaas 309*343 mm.<\/i><\/p>\n<p><b><i>Mudel\u00a0 Eco Max 7 L v\u00f5i R Basic : hind 1 776 \u20ac\u00a0 \u00a0 \u00a0 <\/i><\/b><i>Klapp: 63\u20ac<\/i><\/p>\n<p><em>Tehniline joonis: <a href=\"http:\/\/kaminameister.ee\/wp-content\/uploads\/2024\/06\/max-7-l_r-basic.pdf\">Max 7 L_R Basic<\/a>\u00a0 <a href=\"http:\/\/kaminameister.ee\/wp-content\/uploads\/2024\/06\/max-7l-r-klapiga.pdf\">MAX 7L R klapiga<\/a><\/em><\/p>\n","protected":false},"featured_media":1490,"comment_status":"open","ping_status":"closed","template":"","meta":{"_et_pb_use_builder":"","_et_pb_old_content":"","_et_gb_content_width":""},"product_brand":[139],"product_cat":[32,65],"product_tag":[],"class_list":{"0":"post-1489","1":"product","2":"type-product","3":"status-publish","4":"has-post-thumbnail","6":"product_brand-dorako","7":"product_cat-kaminasudamikud","8":"product_cat-nurga-klaasiga","9":"pa_brand-endine-kfd-ja-gabriel","11":"first","12":"instock","13":"shipping-taxable","14":"purchasable","15":"product-type-simple"},"_links":{"self":[{"href":"https:\/\/kaminameister.ee\/en\/wp-json\/wp\/v2\/product\/1489","targetHints":{"allow":["GET"]}}],"collection":[{"href":"https:\/\/kaminameister.ee\/en\/wp-json\/wp\/v2\/product"}],"about":[{"href":"https:\/\/kaminameister.ee\/en\/wp-json\/wp\/v2\/types\/product"}],"replies":[{"embeddable":true,"href":"https:\/\/kaminameister.ee\/en\/wp-json\/wp\/v2\/comments?post=1489"}],"wp:featuredmedia":[{"embeddable":true,"href":"https:\/\/kaminameister.ee\/en\/wp-json\/wp\/v2\/media\/1490"}],"wp:attachment":[{"href":"https:\/\/kaminameister.ee\/en\/wp-json\/wp\/v2\/media?parent=1489"}],"wp:term":[{"taxonomy":"product_brand","embeddable":true,"href":"https:\/\/kaminameister.ee\/en\/wp-json\/wp\/v2\/product_brand?post=1489"},{"taxonomy":"product_cat","embeddable":true,"href":"https:\/\/kaminameister.ee\/en\/wp-json\/wp\/v2\/product_cat?post=1489"},{"taxonomy":"product_tag","embeddable":true,"href":"https:\/\/kaminameister.ee\/en\/wp-json\/wp\/v2\/product_tag?post=1489"}],"curies":[{"name":"wp","href":"https:\/\/api.w.org\/{rel}","templated":true}]}}