{"id":1468,"date":"2024-06-06T11:08:59","date_gmt":"2024-06-06T08:08:59","guid":{"rendered":"http:\/\/kaminameister.ee\/?post_type=product&#038;p=1468"},"modified":"2026-02-19T14:46:17","modified_gmt":"2026-02-19T12:46:17","slug":"flamingo-s-5-hsflamingo","status":"publish","type":"product","link":"https:\/\/kaminameister.ee\/en\/tooted\/kaminasudamikud\/sirge-klaasiga\/flamingo-s-5-hsflamingo\/","title":{"rendered":"Flamingo S 5 (HSFlamingo)"},"content":{"rendered":"","protected":false},"excerpt":{"rendered":"<p><i>Puude pikkus koldes 33 cm.Suitsutoru d.150 mm .<\/i><\/p>\n<p><i>Kaminas\u00fcdamik Flamingo S 5 ,<b>automaatne reguleerimine<\/b>,\u00a0<\/i><b><i>hind 3 106\u20ac\u00a0 .<\/i><\/b><i>P\u00f5lemis\u00f5hu lisamine ja v\u00e4hendamine toimub automaatselt<\/i><\/p>\n<p><i>Kaminas\u00fcdamik Flamingo S5 ,<b>manuaalne reguleerimine<\/b>,\u00a0<\/i><b><i>hind\u00a0 2 533\u20ac\u00a0 <\/i><\/b><i>P\u00f5lemis\u00f5hu lisamine ja v\u00e4hendamine toimub k\u00e4sitsi<\/i><\/p>\n<p><i>\u00a0Raam 20 mm : 110\u20ac\u00a0 raam 46 mm: 116\u20ac <\/i><\/p>\n<p><em>Kaal: 105 kg, nominaalv\u00f5imsus: 5.2-6.8 kW, k\u00f5rgus: 1201 mm, laius: 498 mm, s\u00fcgavus: 310\/446 mm, kasutegur: 82.2%, suitsugaasi temperatuur: 274\u00b0C.<\/em><\/p>\n<p><em>Tehniline joonis:\u00a0 <a href=\"http:\/\/kaminameister.ee\/wp-content\/uploads\/2024\/06\/s5-tehniline.pdf\">S5 tehniline<\/a><\/em><\/p>\n","protected":false},"featured_media":1472,"comment_status":"open","ping_status":"closed","template":"","meta":{"_et_pb_use_builder":"","_et_pb_old_content":"","_et_gb_content_width":""},"product_brand":[145],"product_cat":[32,64],"product_tag":[],"class_list":{"0":"post-1468","1":"product","2":"type-product","3":"status-publish","4":"has-post-thumbnail","6":"product_brand-hs-flamingo","7":"product_cat-kaminasudamikud","8":"product_cat-sirge-klaasiga","9":"pa_brand-hs-flamingo","11":"first","12":"instock","13":"shipping-taxable","14":"purchasable","15":"product-type-simple"},"_links":{"self":[{"href":"https:\/\/kaminameister.ee\/en\/wp-json\/wp\/v2\/product\/1468","targetHints":{"allow":["GET"]}}],"collection":[{"href":"https:\/\/kaminameister.ee\/en\/wp-json\/wp\/v2\/product"}],"about":[{"href":"https:\/\/kaminameister.ee\/en\/wp-json\/wp\/v2\/types\/product"}],"replies":[{"embeddable":true,"href":"https:\/\/kaminameister.ee\/en\/wp-json\/wp\/v2\/comments?post=1468"}],"wp:featuredmedia":[{"embeddable":true,"href":"https:\/\/kaminameister.ee\/en\/wp-json\/wp\/v2\/media\/1472"}],"wp:attachment":[{"href":"https:\/\/kaminameister.ee\/en\/wp-json\/wp\/v2\/media?parent=1468"}],"wp:term":[{"taxonomy":"product_brand","embeddable":true,"href":"https:\/\/kaminameister.ee\/en\/wp-json\/wp\/v2\/product_brand?post=1468"},{"taxonomy":"product_cat","embeddable":true,"href":"https:\/\/kaminameister.ee\/en\/wp-json\/wp\/v2\/product_cat?post=1468"},{"taxonomy":"product_tag","embeddable":true,"href":"https:\/\/kaminameister.ee\/en\/wp-json\/wp\/v2\/product_tag?post=1468"}],"curies":[{"name":"wp","href":"https:\/\/api.w.org\/{rel}","templated":true}]}}