{"id":1456,"date":"2024-06-05T16:02:50","date_gmt":"2024-06-05T13:02:50","guid":{"rendered":"http:\/\/kaminameister.ee\/?post_type=product&#038;p=1456"},"modified":"2025-05-21T16:26:02","modified_gmt":"2025-05-21T13:26:02","slug":"692cheminees-philippe","status":"publish","type":"product","link":"https:\/\/kaminameister.ee\/en\/tooted\/kaminasudamikud\/sirge-klaasiga\/692cheminees-philippe\/","title":{"rendered":"692(Cheminees Philippe)"},"content":{"rendered":"","protected":false},"excerpt":{"rendered":"<p><em>Kaminas\u00fcdamiku tootmine l\u00f5petatud. Suitsutoru diameeter 230 mm. Kaal: 146 kg, nominaalv\u00f5imsus: 12 kW, k\u00f5rgus: 783 mm, laius: 690 mm, s\u00fcgavus: 410 mm, suitsugaasi temperatuur: 335\u2070C.<\/em><\/p>\n<p><strong><em>Hind:2 254\u20ac<\/em><\/strong><\/p>\n<p><strong><em>Soodushind:1 360\u20ac<\/em><\/strong><\/p>\n<p>Tehniline joonis: <a href=\"http:\/\/kaminameister.ee\/wp-content\/uploads\/2024\/06\/692-tehniline.pdf\">692 tehniline<\/a><\/p>\n","protected":false},"featured_media":1457,"comment_status":"open","ping_status":"closed","template":"","meta":{"_et_pb_use_builder":"","_et_pb_old_content":"","_et_gb_content_width":""},"product_brand":[138],"product_cat":[32,22,64],"product_tag":[],"class_list":{"0":"post-1456","1":"product","2":"type-product","3":"status-publish","4":"has-post-thumbnail","6":"product_brand-cheminees-philippe","7":"product_cat-kaminasudamikud","8":"product_cat-leiunurk","9":"product_cat-sirge-klaasiga","10":"pa_brand-cheminees-philippe","12":"first","13":"instock","14":"sale","15":"shipping-taxable","16":"purchasable","17":"product-type-simple"},"_links":{"self":[{"href":"https:\/\/kaminameister.ee\/en\/wp-json\/wp\/v2\/product\/1456","targetHints":{"allow":["GET"]}}],"collection":[{"href":"https:\/\/kaminameister.ee\/en\/wp-json\/wp\/v2\/product"}],"about":[{"href":"https:\/\/kaminameister.ee\/en\/wp-json\/wp\/v2\/types\/product"}],"replies":[{"embeddable":true,"href":"https:\/\/kaminameister.ee\/en\/wp-json\/wp\/v2\/comments?post=1456"}],"wp:featuredmedia":[{"embeddable":true,"href":"https:\/\/kaminameister.ee\/en\/wp-json\/wp\/v2\/media\/1457"}],"wp:attachment":[{"href":"https:\/\/kaminameister.ee\/en\/wp-json\/wp\/v2\/media?parent=1456"}],"wp:term":[{"taxonomy":"product_brand","embeddable":true,"href":"https:\/\/kaminameister.ee\/en\/wp-json\/wp\/v2\/product_brand?post=1456"},{"taxonomy":"product_cat","embeddable":true,"href":"https:\/\/kaminameister.ee\/en\/wp-json\/wp\/v2\/product_cat?post=1456"},{"taxonomy":"product_tag","embeddable":true,"href":"https:\/\/kaminameister.ee\/en\/wp-json\/wp\/v2\/product_tag?post=1456"}],"curies":[{"name":"wp","href":"https:\/\/api.w.org\/{rel}","templated":true}]}}