{"id":1431,"date":"2024-06-05T13:26:50","date_gmt":"2024-06-05T10:26:50","guid":{"rendered":"http:\/\/kaminameister.ee\/?post_type=product&#038;p=1431"},"modified":"2025-06-26T09:25:47","modified_gmt":"2025-06-26T06:25:47","slug":"inserto-100-wide-lanordica-extraflame","status":"publish","type":"product","link":"https:\/\/kaminameister.ee\/en\/tooted\/kaminasudamikud\/sirge-klaasiga\/inserto-100-wide-lanordica-extraflame\/","title":{"rendered":"Inserto 100 Wide (LaNordica Extraflame)"},"content":{"rendered":"","protected":false},"excerpt":{"rendered":"<p><em>Suitsutoru diam.160 mm. Kaal: 178 kg, nominaalv\u00f5imsus: 8,1 kW, k\u00f5rgus: 555 mm, laius: 1000 mm, s\u00fcgavus: 500 mm, kasutegur: 81%,suitsugaasi temperatuur 268\u2070 C.<\/em><\/p>\n<p><strong><em>Hind: 2 486\u20ac<\/em><\/strong><\/p>\n<p><em>Tehniline joonis: <a href=\"http:\/\/kaminameister.ee\/wp-content\/uploads\/2024\/06\/inserto-100-wide.pdf\">Inserto 100 wide<\/a><\/em><\/p>\n","protected":false},"featured_media":1435,"comment_status":"open","ping_status":"closed","template":"","meta":{"_et_pb_use_builder":"","_et_pb_old_content":"","_et_gb_content_width":""},"product_brand":[146],"product_cat":[32,64],"product_tag":[],"class_list":{"0":"post-1431","1":"product","2":"type-product","3":"status-publish","4":"has-post-thumbnail","6":"product_brand-lanordica-extraflame","7":"product_cat-kaminasudamikud","8":"product_cat-sirge-klaasiga","10":"first","11":"instock","12":"shipping-taxable","13":"purchasable","14":"product-type-simple"},"_links":{"self":[{"href":"https:\/\/kaminameister.ee\/en\/wp-json\/wp\/v2\/product\/1431","targetHints":{"allow":["GET"]}}],"collection":[{"href":"https:\/\/kaminameister.ee\/en\/wp-json\/wp\/v2\/product"}],"about":[{"href":"https:\/\/kaminameister.ee\/en\/wp-json\/wp\/v2\/types\/product"}],"replies":[{"embeddable":true,"href":"https:\/\/kaminameister.ee\/en\/wp-json\/wp\/v2\/comments?post=1431"}],"wp:featuredmedia":[{"embeddable":true,"href":"https:\/\/kaminameister.ee\/en\/wp-json\/wp\/v2\/media\/1435"}],"wp:attachment":[{"href":"https:\/\/kaminameister.ee\/en\/wp-json\/wp\/v2\/media?parent=1431"}],"wp:term":[{"taxonomy":"product_brand","embeddable":true,"href":"https:\/\/kaminameister.ee\/en\/wp-json\/wp\/v2\/product_brand?post=1431"},{"taxonomy":"product_cat","embeddable":true,"href":"https:\/\/kaminameister.ee\/en\/wp-json\/wp\/v2\/product_cat?post=1431"},{"taxonomy":"product_tag","embeddable":true,"href":"https:\/\/kaminameister.ee\/en\/wp-json\/wp\/v2\/product_tag?post=1431"}],"curies":[{"name":"wp","href":"https:\/\/api.w.org\/{rel}","templated":true}]}}