{"id":1421,"date":"2024-06-05T13:18:48","date_gmt":"2024-06-05T10:18:48","guid":{"rendered":"http:\/\/kaminameister.ee\/?post_type=product&#038;p=1421"},"modified":"2025-06-26T09:20:25","modified_gmt":"2025-06-26T06:20:25","slug":"inserto-70-wide-ja-prs-wide-lanordica-extraflame-inserto-70-widehind-2-043e-inserto-70-prs-widehind-2-221e","status":"publish","type":"product","link":"https:\/\/kaminameister.ee\/en\/tooted\/kaminasudamikud\/sirge-klaasiga\/inserto-70-wide-ja-prs-wide-lanordica-extraflame-inserto-70-widehind-2-043e-inserto-70-prs-widehind-2-221e\/","title":{"rendered":"Inserto 70 Wide ja PRS Wide (LaNordica Extraflame)"},"content":{"rendered":"","protected":false},"excerpt":{"rendered":"<p><i>Inserto 70 PRS Wide , mudel soojust kiirgava radiaatoriga \u00fchendustorul.Suitsutoru diameeter\u00a0 mm.160 mm<\/i><\/p>\n<p><em>Inserto 70 Wide: kaal: 124 kg, nominaalv\u00f5imsus: 7.5 kW, k\u00f5rgus: 561 mm, laius: 704 mm, s\u00fcgavus: 506 mm, kasutegur: 80.7%, suitsugaasi temperatuur: 273\u00b0C\u00a0<\/em><\/p>\n<p><em>Inserto\u00a0 70 PRS Wide<\/em> : k<em>aal: 158 kg, nominaalv\u00f5imsus: 8,1 kW, k\u00f5rgus: 1051 mm, laius: 704 mm, s\u00fcgavus: 506 mm, kasutegur: 80.7%, suitsugaasi temperatuur: 206\u00b0C\u00a0<\/em><\/p>\n<p><strong><i>Inserto 70 Wide, hind : 2 085\u20ac\u00a0 \u00a0 Inserto 70 PRS Wide, hind: <\/i><i>2 266\u20ac<\/i><\/strong><\/p>\n<p><em>Tehnilised joonised<\/em>: <a href=\"http:\/\/kaminameister.ee\/wp-content\/uploads\/2024\/06\/inserto-70-ja-70-prs-wide.pdf\">Inserto 70 ja 70 PRS Wide<\/a><\/p>\n","protected":false},"featured_media":1422,"comment_status":"open","ping_status":"closed","template":"","meta":{"_et_pb_use_builder":"","_et_pb_old_content":"","_et_gb_content_width":""},"product_brand":[146],"product_cat":[32,64],"product_tag":[],"class_list":{"0":"post-1421","1":"product","2":"type-product","3":"status-publish","4":"has-post-thumbnail","6":"product_brand-lanordica-extraflame","7":"product_cat-kaminasudamikud","8":"product_cat-sirge-klaasiga","9":"pa_brand-lanordica-extraflame","11":"first","12":"instock","13":"shipping-taxable","14":"purchasable","15":"product-type-simple"},"_links":{"self":[{"href":"https:\/\/kaminameister.ee\/en\/wp-json\/wp\/v2\/product\/1421","targetHints":{"allow":["GET"]}}],"collection":[{"href":"https:\/\/kaminameister.ee\/en\/wp-json\/wp\/v2\/product"}],"about":[{"href":"https:\/\/kaminameister.ee\/en\/wp-json\/wp\/v2\/types\/product"}],"replies":[{"embeddable":true,"href":"https:\/\/kaminameister.ee\/en\/wp-json\/wp\/v2\/comments?post=1421"}],"wp:featuredmedia":[{"embeddable":true,"href":"https:\/\/kaminameister.ee\/en\/wp-json\/wp\/v2\/media\/1422"}],"wp:attachment":[{"href":"https:\/\/kaminameister.ee\/en\/wp-json\/wp\/v2\/media?parent=1421"}],"wp:term":[{"taxonomy":"product_brand","embeddable":true,"href":"https:\/\/kaminameister.ee\/en\/wp-json\/wp\/v2\/product_brand?post=1421"},{"taxonomy":"product_cat","embeddable":true,"href":"https:\/\/kaminameister.ee\/en\/wp-json\/wp\/v2\/product_cat?post=1421"},{"taxonomy":"product_tag","embeddable":true,"href":"https:\/\/kaminameister.ee\/en\/wp-json\/wp\/v2\/product_tag?post=1421"}],"curies":[{"name":"wp","href":"https:\/\/api.w.org\/{rel}","templated":true}]}}