{"id":1411,"date":"2024-06-05T12:57:46","date_gmt":"2024-06-05T09:57:46","guid":{"rendered":"http:\/\/kaminameister.ee\/?post_type=product&#038;p=1411"},"modified":"2025-06-26T09:23:40","modified_gmt":"2025-06-26T06:23:40","slug":"inserto-80-wide-ja-80-eps-wide-lanordica-extraflame","status":"publish","type":"product","link":"https:\/\/kaminameister.ee\/en\/tooted\/kaminasudamikud\/sirge-klaasiga\/inserto-80-wide-ja-80-eps-wide-lanordica-extraflame\/","title":{"rendered":"Inserto 80 Wide (LaNordica Extraflame)"},"content":{"rendered":"","protected":false},"excerpt":{"rendered":"<p><i>Suitsutoru d.160 mm. Inserto 80 Wide : <\/i><em>kaal: 150kg, nominaalv\u00f5imsus: 8 kW, k\u00f5rgus: 561 mm, laius: 800 mm, s\u00fcgavus: 509 mm, kasutegur: 83.9%, suitsugaasi temperatuur: 247 \u2070C.<\/em><\/p>\n<p><strong><em>Hind: 2 206\u20ac<\/em><\/strong><\/p>\n<p><em>Tehniline joonis:<\/em> <a href=\"http:\/\/kaminameister.ee\/wp-content\/uploads\/2024\/06\/insero-80-wide-ja-eps-wide.pdf\">insero 80 wide ja eps wide<\/a><\/p>\n","protected":false},"featured_media":1412,"comment_status":"open","ping_status":"closed","template":"","meta":{"_et_pb_use_builder":"","_et_pb_old_content":"","_et_gb_content_width":""},"product_brand":[146],"product_cat":[32,64],"product_tag":[],"class_list":{"0":"post-1411","1":"product","2":"type-product","3":"status-publish","4":"has-post-thumbnail","6":"product_brand-lanordica-extraflame","7":"product_cat-kaminasudamikud","8":"product_cat-sirge-klaasiga","9":"pa_brand-lanordica-extraflame","11":"first","12":"instock","13":"shipping-taxable","14":"purchasable","15":"product-type-simple"},"_links":{"self":[{"href":"https:\/\/kaminameister.ee\/en\/wp-json\/wp\/v2\/product\/1411","targetHints":{"allow":["GET"]}}],"collection":[{"href":"https:\/\/kaminameister.ee\/en\/wp-json\/wp\/v2\/product"}],"about":[{"href":"https:\/\/kaminameister.ee\/en\/wp-json\/wp\/v2\/types\/product"}],"replies":[{"embeddable":true,"href":"https:\/\/kaminameister.ee\/en\/wp-json\/wp\/v2\/comments?post=1411"}],"wp:featuredmedia":[{"embeddable":true,"href":"https:\/\/kaminameister.ee\/en\/wp-json\/wp\/v2\/media\/1412"}],"wp:attachment":[{"href":"https:\/\/kaminameister.ee\/en\/wp-json\/wp\/v2\/media?parent=1411"}],"wp:term":[{"taxonomy":"product_brand","embeddable":true,"href":"https:\/\/kaminameister.ee\/en\/wp-json\/wp\/v2\/product_brand?post=1411"},{"taxonomy":"product_cat","embeddable":true,"href":"https:\/\/kaminameister.ee\/en\/wp-json\/wp\/v2\/product_cat?post=1411"},{"taxonomy":"product_tag","embeddable":true,"href":"https:\/\/kaminameister.ee\/en\/wp-json\/wp\/v2\/product_tag?post=1411"}],"curies":[{"name":"wp","href":"https:\/\/api.w.org\/{rel}","templated":true}]}}