{"id":1390,"date":"2024-06-05T12:25:13","date_gmt":"2024-06-05T09:25:13","guid":{"rendered":"http:\/\/kaminameister.ee\/?post_type=product&#038;p=1390"},"modified":"2025-06-26T09:21:01","modified_gmt":"2025-06-26T06:21:01","slug":"inserto-80-crystal-ventilato-evo-2-0lanordica-extraflame","status":"publish","type":"product","link":"https:\/\/kaminameister.ee\/en\/tooted\/kaminasudamikud\/sirge-klaasiga\/inserto-80-crystal-ventilato-evo-2-0lanordica-extraflame\/","title":{"rendered":"Inserto 80 Crystal Ventilato EVO 2.0(LaNordica Extraflame)"},"content":{"rendered":"","protected":false},"excerpt":{"rendered":"<p><em>Suitsutoru diam.160 mm. Kaal: 130 kg, nominaalv\u00f5imsus: 9 kW, k\u00f5rgus: 555 mm, laius: 800 mm, s\u00fcgavus: 500 mm, kasutegur: 78.8%,suitsugaasi temperatuur 240 \u2070C.<\/em><\/p>\n<p><strong><em>Hind: 2 301\u20ac<\/em><\/strong><\/p>\n<p><em>Tehniline joonis: <a href=\"http:\/\/kaminameister.ee\/wp-content\/uploads\/2024\/06\/80-chr-evo-ja-80-prs.pdf\">80 Chr Evo ja 80 PRS<\/a><\/em><\/p>\n","protected":false},"featured_media":1394,"comment_status":"open","ping_status":"closed","template":"","meta":{"_et_pb_use_builder":"","_et_pb_old_content":"","_et_gb_content_width":""},"product_brand":[146],"product_cat":[32,64],"product_tag":[],"class_list":{"0":"post-1390","1":"product","2":"type-product","3":"status-publish","4":"has-post-thumbnail","6":"product_brand-lanordica-extraflame","7":"product_cat-kaminasudamikud","8":"product_cat-sirge-klaasiga","9":"pa_brand-lanordica-extraflame","11":"first","12":"instock","13":"shipping-taxable","14":"purchasable","15":"product-type-simple"},"_links":{"self":[{"href":"https:\/\/kaminameister.ee\/en\/wp-json\/wp\/v2\/product\/1390","targetHints":{"allow":["GET"]}}],"collection":[{"href":"https:\/\/kaminameister.ee\/en\/wp-json\/wp\/v2\/product"}],"about":[{"href":"https:\/\/kaminameister.ee\/en\/wp-json\/wp\/v2\/types\/product"}],"replies":[{"embeddable":true,"href":"https:\/\/kaminameister.ee\/en\/wp-json\/wp\/v2\/comments?post=1390"}],"wp:featuredmedia":[{"embeddable":true,"href":"https:\/\/kaminameister.ee\/en\/wp-json\/wp\/v2\/media\/1394"}],"wp:attachment":[{"href":"https:\/\/kaminameister.ee\/en\/wp-json\/wp\/v2\/media?parent=1390"}],"wp:term":[{"taxonomy":"product_brand","embeddable":true,"href":"https:\/\/kaminameister.ee\/en\/wp-json\/wp\/v2\/product_brand?post=1390"},{"taxonomy":"product_cat","embeddable":true,"href":"https:\/\/kaminameister.ee\/en\/wp-json\/wp\/v2\/product_cat?post=1390"},{"taxonomy":"product_tag","embeddable":true,"href":"https:\/\/kaminameister.ee\/en\/wp-json\/wp\/v2\/product_tag?post=1390"}],"curies":[{"name":"wp","href":"https:\/\/api.w.org\/{rel}","templated":true}]}}