{"id":1358,"date":"2024-06-04T15:36:15","date_gmt":"2024-06-04T12:36:15","guid":{"rendered":"http:\/\/kaminameister.ee\/?post_type=product&#038;p=1358"},"modified":"2025-06-26T09:16:43","modified_gmt":"2025-06-26T06:16:43","slug":"inserto-60-ventilato-4-0lanordica-extraflame","status":"publish","type":"product","link":"https:\/\/kaminameister.ee\/en\/tooted\/kaminasudamikud\/sirge-klaasiga\/inserto-60-ventilato-4-0lanordica-extraflame\/","title":{"rendered":"Inserto 60 Ventilato 4.0(LaNordica Extraflame)"},"content":{"rendered":"","protected":false},"excerpt":{"rendered":"<p><i>Suitsutoru diam.160mm.<\/i><em>Kaal\u00a0 115 kg, nominaalv\u00f5imsus 7 kW, k\u00f5rgus 500 mm, laius 595mm, s\u00fcgavus 440 mm, suitsugaasi temperatuur 264\u00b0C, kasutegur 81,3% .<\/em><\/p>\n<p><strong><em>Hind: 1 430\u20ac\u00a0<\/em><\/strong><\/p>\n<p>Tehniline joonis: <a href=\"http:\/\/kaminameister.ee\/wp-content\/uploads\/2024\/06\/inserto-607070_49.pdf\">Inserto 60,70,70_49<\/a><\/p>\n","protected":false},"featured_media":1362,"comment_status":"open","ping_status":"closed","template":"","meta":{"_et_pb_use_builder":"","_et_pb_old_content":"","_et_gb_content_width":""},"product_brand":[146],"product_cat":[32,64],"product_tag":[],"class_list":{"0":"post-1358","1":"product","2":"type-product","3":"status-publish","4":"has-post-thumbnail","6":"product_brand-lanordica-extraflame","7":"product_cat-kaminasudamikud","8":"product_cat-sirge-klaasiga","9":"pa_brand-lanordica-extraflame","11":"first","12":"instock","13":"shipping-taxable","14":"purchasable","15":"product-type-simple"},"_links":{"self":[{"href":"https:\/\/kaminameister.ee\/en\/wp-json\/wp\/v2\/product\/1358","targetHints":{"allow":["GET"]}}],"collection":[{"href":"https:\/\/kaminameister.ee\/en\/wp-json\/wp\/v2\/product"}],"about":[{"href":"https:\/\/kaminameister.ee\/en\/wp-json\/wp\/v2\/types\/product"}],"replies":[{"embeddable":true,"href":"https:\/\/kaminameister.ee\/en\/wp-json\/wp\/v2\/comments?post=1358"}],"wp:featuredmedia":[{"embeddable":true,"href":"https:\/\/kaminameister.ee\/en\/wp-json\/wp\/v2\/media\/1362"}],"wp:attachment":[{"href":"https:\/\/kaminameister.ee\/en\/wp-json\/wp\/v2\/media?parent=1358"}],"wp:term":[{"taxonomy":"product_brand","embeddable":true,"href":"https:\/\/kaminameister.ee\/en\/wp-json\/wp\/v2\/product_brand?post=1358"},{"taxonomy":"product_cat","embeddable":true,"href":"https:\/\/kaminameister.ee\/en\/wp-json\/wp\/v2\/product_cat?post=1358"},{"taxonomy":"product_tag","embeddable":true,"href":"https:\/\/kaminameister.ee\/en\/wp-json\/wp\/v2\/product_tag?post=1358"}],"curies":[{"name":"wp","href":"https:\/\/api.w.org\/{rel}","templated":true}]}}