{"id":1340,"date":"2024-06-03T15:45:22","date_gmt":"2024-06-03T12:45:22","guid":{"rendered":"http:\/\/kaminameister.ee\/?post_type=product&#038;p=1340"},"modified":"2025-05-21T16:23:33","modified_gmt":"2025-05-21T13:23:33","slug":"sere-100","status":"publish","type":"product","link":"https:\/\/kaminameister.ee\/en\/tooted\/kaminasudamikud\/sirge-klaasiga\/sere-100\/","title":{"rendered":"Sere 100(Hergom)"},"content":{"rendered":"<p>&nbsp;<\/p>\n<p>&nbsp;<\/p>\n","protected":false},"excerpt":{"rendered":"<p><i>Suitsutoru diam.200 mm. Puuhalgude pikkus 70cm\u00a0 <\/i><em>\u00a0Kaal: 134 kg, nominaalv\u00f5imsus: 12 kW, k\u00f5rgus: 609 mm, laius: 1015 mm, s\u00fcgavus: 500 mm, kasutegur: 80,4%, suitsugaasi temperatuur: 179\u00b0C, CO: 0.06% <\/em><\/p>\n<p><strong><i>Sere 100 F &#8211; HF (ventilaatoriga), <\/i><i>hind: 3 200\u20ac\u00a0 \u00a0 <\/i><\/strong><\/p>\n<p><b><i>Kaminas\u00fcdamele lisandub raam! <\/i><\/b><i>Raam 1(90*90*90*90 mm,12 mm), hind: 104\u20ac <\/i><i>Raam 2 (90*50*50*50mm,12 mm), hind: 112\u20ac <\/i><i>Raam 3 (90*50*50*50mm,1 mm), hind: 120 \u20ac\u00a0 \u00a0 <\/i><\/p>\n<p><i><a href=\"http:\/\/kaminameister.ee\/wp-content\/uploads\/2024\/06\/sere-100.pdf\">Sere 100<\/a>\u00a0<\/i><\/p>\n","protected":false},"featured_media":1341,"comment_status":"open","ping_status":"closed","template":"","meta":{"_et_pb_use_builder":"","_et_pb_old_content":"","_et_gb_content_width":""},"product_brand":[144],"product_cat":[32,64],"product_tag":[],"class_list":{"0":"post-1340","1":"product","2":"type-product","3":"status-publish","4":"has-post-thumbnail","6":"product_brand-hergom","7":"product_cat-kaminasudamikud","8":"product_cat-sirge-klaasiga","9":"pa_brand-hergom","11":"first","12":"instock","13":"shipping-taxable","14":"purchasable","15":"product-type-simple"},"_links":{"self":[{"href":"https:\/\/kaminameister.ee\/en\/wp-json\/wp\/v2\/product\/1340","targetHints":{"allow":["GET"]}}],"collection":[{"href":"https:\/\/kaminameister.ee\/en\/wp-json\/wp\/v2\/product"}],"about":[{"href":"https:\/\/kaminameister.ee\/en\/wp-json\/wp\/v2\/types\/product"}],"replies":[{"embeddable":true,"href":"https:\/\/kaminameister.ee\/en\/wp-json\/wp\/v2\/comments?post=1340"}],"wp:featuredmedia":[{"embeddable":true,"href":"https:\/\/kaminameister.ee\/en\/wp-json\/wp\/v2\/media\/1341"}],"wp:attachment":[{"href":"https:\/\/kaminameister.ee\/en\/wp-json\/wp\/v2\/media?parent=1340"}],"wp:term":[{"taxonomy":"product_brand","embeddable":true,"href":"https:\/\/kaminameister.ee\/en\/wp-json\/wp\/v2\/product_brand?post=1340"},{"taxonomy":"product_cat","embeddable":true,"href":"https:\/\/kaminameister.ee\/en\/wp-json\/wp\/v2\/product_cat?post=1340"},{"taxonomy":"product_tag","embeddable":true,"href":"https:\/\/kaminameister.ee\/en\/wp-json\/wp\/v2\/product_tag?post=1340"}],"curies":[{"name":"wp","href":"https:\/\/api.w.org\/{rel}","templated":true}]}}