{"id":1320,"date":"2024-06-03T14:38:11","date_gmt":"2024-06-03T11:38:11","guid":{"rendered":"http:\/\/kaminameister.ee\/?post_type=product&#038;p=1320"},"modified":"2025-05-21T16:23:33","modified_gmt":"2025-05-21T13:23:33","slug":"h-03-80-s","status":"publish","type":"product","link":"https:\/\/kaminameister.ee\/en\/tooted\/kaminasudamikud\/sirge-klaasiga\/h-03-80-s\/","title":{"rendered":"H 03\/80 S(Hergom)"},"content":{"rendered":"","protected":false},"excerpt":{"rendered":"<p><i>Suitsutoru diam.\u00d8200mm. Puuhalgude pikkus 50cm. <\/i><em>Kaal: 147 kg, nominaalv\u00f5imsus: 13 kW, k\u00f5rgus: 814 mm, laius: 800 mm, s\u00fcgavus: 468 mm, kasutegur: 76.1%, suitsugaasi temperatuur: 301\u2070C.<\/em><\/p>\n<p><em>Hind: 1 370\u20ac<\/em><\/p>\n<p><a href=\"http:\/\/kaminameister.ee\/wp-content\/uploads\/2024\/06\/h03_80s.pdf\">H03_80S<\/a><\/p>\n","protected":false},"featured_media":1317,"comment_status":"open","ping_status":"closed","template":"","meta":{"_et_pb_use_builder":"","_et_pb_old_content":"","_et_gb_content_width":""},"product_brand":[144],"product_cat":[32,64],"product_tag":[],"class_list":{"0":"post-1320","1":"product","2":"type-product","3":"status-publish","4":"has-post-thumbnail","6":"product_brand-hergom","7":"product_cat-kaminasudamikud","8":"product_cat-sirge-klaasiga","9":"pa_brand-hergom","11":"first","12":"instock","13":"shipping-taxable","14":"purchasable","15":"product-type-simple"},"_links":{"self":[{"href":"https:\/\/kaminameister.ee\/en\/wp-json\/wp\/v2\/product\/1320","targetHints":{"allow":["GET"]}}],"collection":[{"href":"https:\/\/kaminameister.ee\/en\/wp-json\/wp\/v2\/product"}],"about":[{"href":"https:\/\/kaminameister.ee\/en\/wp-json\/wp\/v2\/types\/product"}],"replies":[{"embeddable":true,"href":"https:\/\/kaminameister.ee\/en\/wp-json\/wp\/v2\/comments?post=1320"}],"wp:featuredmedia":[{"embeddable":true,"href":"https:\/\/kaminameister.ee\/en\/wp-json\/wp\/v2\/media\/1317"}],"wp:attachment":[{"href":"https:\/\/kaminameister.ee\/en\/wp-json\/wp\/v2\/media?parent=1320"}],"wp:term":[{"taxonomy":"product_brand","embeddable":true,"href":"https:\/\/kaminameister.ee\/en\/wp-json\/wp\/v2\/product_brand?post=1320"},{"taxonomy":"product_cat","embeddable":true,"href":"https:\/\/kaminameister.ee\/en\/wp-json\/wp\/v2\/product_cat?post=1320"},{"taxonomy":"product_tag","embeddable":true,"href":"https:\/\/kaminameister.ee\/en\/wp-json\/wp\/v2\/product_tag?post=1320"}],"curies":[{"name":"wp","href":"https:\/\/api.w.org\/{rel}","templated":true}]}}