{"id":1296,"date":"2024-06-03T13:44:06","date_gmt":"2024-06-03T10:44:06","guid":{"rendered":"http:\/\/kaminameister.ee\/?post_type=product&#038;p=1296"},"modified":"2026-05-08T12:11:50","modified_gmt":"2026-05-08T09:11:50","slug":"bef-passive-8-ja-passive-v-8","status":"publish","type":"product","link":"https:\/\/kaminameister.ee\/en\/tooted\/kaminasudamikud\/sirge-klaasiga\/bef-passive-8-ja-passive-v-8\/","title":{"rendered":"BeF Passive 8 (BeF Home)"},"content":{"rendered":"","protected":false},"excerpt":{"rendered":"<p><em>Madalenergia- ja passiivmajadele m\u00f5eldud seeria.<\/em><\/p>\n<p><i>Suitsutoru diam.150mm,\u00f5hutoru d.80 mm. <\/i><em>Kaal: 141 kg, nominaalv\u00f5imsus: 5,9 kW, k\u00f5rgus: 1160 mm, laius: 810 mm, s\u00fcgavus: 355 mm, kasutegur: 83,6%, suitsugaasi temperatuur: 215\u2070C, <i>CO: 0.0943<\/i><\/em><\/p>\n<p>tehniline joonis\u00a0\u00a0<a href=\"http:\/\/kaminameister.ee\/wp-content\/uploads\/2024\/06\/bef-passive-8.pdf\">BeF Passive 8<\/a><\/p>\n<p><em><strong>BeF Passive 8, hind: 3 348\u20ac\u00a0 \u00a0Soodushind: 2 795\u20ac\u00a0 \u00a0 \u00a0 \u00a0 \u00a0<\/strong>Valge v\u00f5i must sirge carcon sisu: 122\u20ac.<\/em><\/p>\n<p>&nbsp;<\/p>\n<p>&nbsp;<\/p>\n","protected":false},"featured_media":1256,"comment_status":"open","ping_status":"closed","template":"","meta":{"_et_pb_use_builder":"","_et_pb_old_content":"","_et_gb_content_width":""},"product_brand":[135],"product_cat":[32,64],"product_tag":[],"class_list":{"0":"post-1296","1":"product","2":"type-product","3":"status-publish","4":"has-post-thumbnail","6":"product_brand-bef-home","7":"product_cat-kaminasudamikud","8":"product_cat-sirge-klaasiga","9":"pa_brand-bef-home","11":"first","12":"instock","13":"sale","14":"shipping-taxable","15":"purchasable","16":"product-type-simple"},"_links":{"self":[{"href":"https:\/\/kaminameister.ee\/en\/wp-json\/wp\/v2\/product\/1296","targetHints":{"allow":["GET"]}}],"collection":[{"href":"https:\/\/kaminameister.ee\/en\/wp-json\/wp\/v2\/product"}],"about":[{"href":"https:\/\/kaminameister.ee\/en\/wp-json\/wp\/v2\/types\/product"}],"replies":[{"embeddable":true,"href":"https:\/\/kaminameister.ee\/en\/wp-json\/wp\/v2\/comments?post=1296"}],"wp:featuredmedia":[{"embeddable":true,"href":"https:\/\/kaminameister.ee\/en\/wp-json\/wp\/v2\/media\/1256"}],"wp:attachment":[{"href":"https:\/\/kaminameister.ee\/en\/wp-json\/wp\/v2\/media?parent=1296"}],"wp:term":[{"taxonomy":"product_brand","embeddable":true,"href":"https:\/\/kaminameister.ee\/en\/wp-json\/wp\/v2\/product_brand?post=1296"},{"taxonomy":"product_cat","embeddable":true,"href":"https:\/\/kaminameister.ee\/en\/wp-json\/wp\/v2\/product_cat?post=1296"},{"taxonomy":"product_tag","embeddable":true,"href":"https:\/\/kaminameister.ee\/en\/wp-json\/wp\/v2\/product_tag?post=1296"}],"curies":[{"name":"wp","href":"https:\/\/api.w.org\/{rel}","templated":true}]}}