{"id":1235,"date":"2024-06-03T12:31:39","date_gmt":"2024-06-03T09:31:39","guid":{"rendered":"http:\/\/kaminameister.ee\/?post_type=product&#038;p=1235"},"modified":"2026-05-08T12:20:44","modified_gmt":"2026-05-08T09:20:44","slug":"bef-therm-7-ja-therm-v-7","status":"publish","type":"product","link":"https:\/\/kaminameister.ee\/en\/tooted\/kaminasudamikud\/sirge-klaasiga\/bef-therm-7-ja-therm-v-7\/","title":{"rendered":"BeF Therm 7(BeF Home)"},"content":{"rendered":"","protected":false},"excerpt":{"rendered":"<p><i>Suitsutoru diameeter 150 mm. <\/i><em>Kaal: 169 kg, nominaalv\u00f5imsus: 7.4 kW, k\u00f5rgus: 1191 mm, laius: 740 mm, s\u00fcgavus: 470 mm, kasutegur: 82%, suitsugaasi temperatuur: 264\u2070C<\/em><\/p>\n<div><a href=\"http:\/\/kaminameister.ee\/wp-content\/uploads\/2024\/06\/bef-therm-7.pdf\">BeF Therm 7<\/a><\/div>\n<div><i><strong>BeF Therm 7, hind: 2 294\u20ac. Soodushind: 2 050\u20ac<\/strong> \u00a0 \u00a0 Ukseraam : 162 \u20ac\u00a0 Valge v\u00f5i must sirge carcon sisu: 122\u20ac.<\/i><\/div>\n<div><\/div>\n","protected":false},"featured_media":1207,"comment_status":"open","ping_status":"closed","template":"","meta":{"_et_pb_use_builder":"","_et_pb_old_content":"","_et_gb_content_width":""},"product_brand":[135],"product_cat":[32,64],"product_tag":[],"class_list":{"0":"post-1235","1":"product","2":"type-product","3":"status-publish","4":"has-post-thumbnail","6":"product_brand-bef-home","7":"product_cat-kaminasudamikud","8":"product_cat-sirge-klaasiga","9":"pa_brand-bef-home","11":"first","12":"instock","13":"sale","14":"shipping-taxable","15":"purchasable","16":"product-type-simple"},"_links":{"self":[{"href":"https:\/\/kaminameister.ee\/en\/wp-json\/wp\/v2\/product\/1235","targetHints":{"allow":["GET"]}}],"collection":[{"href":"https:\/\/kaminameister.ee\/en\/wp-json\/wp\/v2\/product"}],"about":[{"href":"https:\/\/kaminameister.ee\/en\/wp-json\/wp\/v2\/types\/product"}],"replies":[{"embeddable":true,"href":"https:\/\/kaminameister.ee\/en\/wp-json\/wp\/v2\/comments?post=1235"}],"wp:featuredmedia":[{"embeddable":true,"href":"https:\/\/kaminameister.ee\/en\/wp-json\/wp\/v2\/media\/1207"}],"wp:attachment":[{"href":"https:\/\/kaminameister.ee\/en\/wp-json\/wp\/v2\/media?parent=1235"}],"wp:term":[{"taxonomy":"product_brand","embeddable":true,"href":"https:\/\/kaminameister.ee\/en\/wp-json\/wp\/v2\/product_brand?post=1235"},{"taxonomy":"product_cat","embeddable":true,"href":"https:\/\/kaminameister.ee\/en\/wp-json\/wp\/v2\/product_cat?post=1235"},{"taxonomy":"product_tag","embeddable":true,"href":"https:\/\/kaminameister.ee\/en\/wp-json\/wp\/v2\/product_tag?post=1235"}],"curies":[{"name":"wp","href":"https:\/\/api.w.org\/{rel}","templated":true}]}}