{"id":1170,"date":"2024-06-03T10:36:22","date_gmt":"2024-06-03T07:36:22","guid":{"rendered":"http:\/\/kaminameister.ee\/?post_type=product&#038;p=1170"},"modified":"2026-05-08T12:27:15","modified_gmt":"2026-05-08T09:27:15","slug":"bef-feel-6","status":"publish","type":"product","link":"https:\/\/kaminameister.ee\/en\/tooted\/kaminasudamikud\/sirge-klaasiga\/bef-feel-6\/","title":{"rendered":"BeF Feel 6 (BeF Home)"},"content":{"rendered":"","protected":false},"excerpt":{"rendered":"<p><em>Suitsutoru diameeter 150 mm.\u00a0 Kaal: 126 kg ,nominaalv\u00f5imsus: 5 kW, k\u00f5rgus: 1191 mm , laius: 640 mm, s\u00fcgavus: 380 mm , kasutegur: 84% , suitsugaasi temperatuur: 206\u2070C<\/em><\/p>\n<div><em><strong>\u00a0Hind: 1 860\u20ac\u00a0<\/strong> <strong>Soodushind: 1 631\u20ac<\/strong>\u00a0 Ukseraam : 105\u20ac\u00a0 \u00a0 \u00a0 <i>Valge v\u00f5i must sirge carcon sisu: 122\u20ac.<\/i><\/em><\/div>\n<div><a href=\"http:\/\/kaminameister.ee\/wp-content\/uploads\/2024\/06\/bef-feel6.pdf\">BeF Feel6<\/a><\/div>\n<div><\/div>\n<div><\/div>\n<div><\/div>\n","protected":false},"featured_media":1174,"comment_status":"open","ping_status":"closed","template":"","meta":{"_et_pb_use_builder":"","_et_pb_old_content":"","_et_gb_content_width":""},"product_brand":[135],"product_cat":[32,64],"product_tag":[],"class_list":{"0":"post-1170","1":"product","2":"type-product","3":"status-publish","4":"has-post-thumbnail","6":"product_brand-bef-home","7":"product_cat-kaminasudamikud","8":"product_cat-sirge-klaasiga","9":"pa_brand-bef-home","11":"first","12":"instock","13":"sale","14":"shipping-taxable","15":"purchasable","16":"product-type-simple"},"_links":{"self":[{"href":"https:\/\/kaminameister.ee\/en\/wp-json\/wp\/v2\/product\/1170","targetHints":{"allow":["GET"]}}],"collection":[{"href":"https:\/\/kaminameister.ee\/en\/wp-json\/wp\/v2\/product"}],"about":[{"href":"https:\/\/kaminameister.ee\/en\/wp-json\/wp\/v2\/types\/product"}],"replies":[{"embeddable":true,"href":"https:\/\/kaminameister.ee\/en\/wp-json\/wp\/v2\/comments?post=1170"}],"wp:featuredmedia":[{"embeddable":true,"href":"https:\/\/kaminameister.ee\/en\/wp-json\/wp\/v2\/media\/1174"}],"wp:attachment":[{"href":"https:\/\/kaminameister.ee\/en\/wp-json\/wp\/v2\/media?parent=1170"}],"wp:term":[{"taxonomy":"product_brand","embeddable":true,"href":"https:\/\/kaminameister.ee\/en\/wp-json\/wp\/v2\/product_brand?post=1170"},{"taxonomy":"product_cat","embeddable":true,"href":"https:\/\/kaminameister.ee\/en\/wp-json\/wp\/v2\/product_cat?post=1170"},{"taxonomy":"product_tag","embeddable":true,"href":"https:\/\/kaminameister.ee\/en\/wp-json\/wp\/v2\/product_tag?post=1170"}],"curies":[{"name":"wp","href":"https:\/\/api.w.org\/{rel}","templated":true}]}}