{"id":1163,"date":"2024-06-03T10:30:38","date_gmt":"2024-06-03T07:30:38","guid":{"rendered":"http:\/\/kaminameister.ee\/?post_type=product&#038;p=1163"},"modified":"2026-04-02T10:53:03","modified_gmt":"2026-04-02T07:53:03","slug":"bef-fire-bear-8","status":"publish","type":"product","link":"https:\/\/kaminameister.ee\/en\/tooted\/kaminasudamikud\/sirge-klaasiga\/bef-fire-bear-8\/","title":{"rendered":"BeF Fire Bear 8(BeF Home)"},"content":{"rendered":"<p><em>\u00a0<\/em><\/p>\n","protected":false},"excerpt":{"rendered":"<p><em>Fire Bear seeria on loodud hinnatundlikule kliendile, kaminas\u00fcdamikke saab osta ilma jalgadeta ja ukseraamita.Koldedetailid on soojustsalvestavast materjalist Carcon ja sirgekujulised.<\/em><\/p>\n<p><em>Kaal: 160 kg , nominaalv\u00f5imsus: 8 kW, k\u00f5rgus: 925 mm, laius: 820 mm, s\u00fcgavus: 465 mm, kasutegur: 83.9% , suitsugaasi temperatuur: 257\u2070C CO: 0.087%<\/em><\/p>\n<p><i>Klaasi m\u00f5\u00f5t: laius 750 mm, k\u00f5rgus 470 mm.\u00a0 <\/i><i>Suitsutoru d.200 mm,\u00f5hutoru d.120 mm.<\/i><\/p>\n<p><i><b>Laos viimased ! Fire Bear 8,k\u00fcljele avanev, hind 2 046\u20ac\u00a0 \u00a0 <\/b>Jalgade hind:155 \u20ac\u00a0 <\/i><i>Ukseraami hind: 150 \u20ac<\/i><\/p>\n<p><a href=\"http:\/\/kaminameister.ee\/wp-content\/uploads\/2024\/06\/firebear-8.pdf\">FireBear 8<\/a><\/p>\n","protected":false},"featured_media":1167,"comment_status":"open","ping_status":"closed","template":"","meta":{"_et_pb_use_builder":"","_et_pb_old_content":"","_et_gb_content_width":""},"product_brand":[135],"product_cat":[32,64],"product_tag":[],"class_list":{"0":"post-1163","1":"product","2":"type-product","3":"status-publish","4":"has-post-thumbnail","6":"product_brand-bef-home","7":"product_cat-kaminasudamikud","8":"product_cat-sirge-klaasiga","9":"pa_brand-bef-home","11":"first","12":"instock","13":"shipping-taxable","14":"purchasable","15":"product-type-simple"},"_links":{"self":[{"href":"https:\/\/kaminameister.ee\/en\/wp-json\/wp\/v2\/product\/1163","targetHints":{"allow":["GET"]}}],"collection":[{"href":"https:\/\/kaminameister.ee\/en\/wp-json\/wp\/v2\/product"}],"about":[{"href":"https:\/\/kaminameister.ee\/en\/wp-json\/wp\/v2\/types\/product"}],"replies":[{"embeddable":true,"href":"https:\/\/kaminameister.ee\/en\/wp-json\/wp\/v2\/comments?post=1163"}],"wp:featuredmedia":[{"embeddable":true,"href":"https:\/\/kaminameister.ee\/en\/wp-json\/wp\/v2\/media\/1167"}],"wp:attachment":[{"href":"https:\/\/kaminameister.ee\/en\/wp-json\/wp\/v2\/media?parent=1163"}],"wp:term":[{"taxonomy":"product_brand","embeddable":true,"href":"https:\/\/kaminameister.ee\/en\/wp-json\/wp\/v2\/product_brand?post=1163"},{"taxonomy":"product_cat","embeddable":true,"href":"https:\/\/kaminameister.ee\/en\/wp-json\/wp\/v2\/product_cat?post=1163"},{"taxonomy":"product_tag","embeddable":true,"href":"https:\/\/kaminameister.ee\/en\/wp-json\/wp\/v2\/product_tag?post=1163"}],"curies":[{"name":"wp","href":"https:\/\/api.w.org\/{rel}","templated":true}]}}