{"id":1128,"date":"2024-05-31T17:00:03","date_gmt":"2024-05-31T14:00:03","guid":{"rendered":"http:\/\/kaminameister.ee\/?post_type=product&#038;p=1128"},"modified":"2026-03-25T11:58:38","modified_gmt":"2026-03-25T09:58:38","slug":"linea-h-1320-4-0","status":"publish","type":"product","link":"https:\/\/kaminameister.ee\/en\/tooted\/kaminasudamikud\/sirge-klaasiga\/linea-h-1320-4-0\/","title":{"rendered":"Linea H 1320 4.0(Dorako)"},"content":{"rendered":"","protected":false},"excerpt":{"rendered":"<p><i>\u00a0l\u00f5\u00f5ri\u00fchendus diam.230\/240 mm puuhalgude pikkus koldes 90cm . <\/i><em>Kaal: 250 kg, nominaalv\u00f5imsus: 13-22 kW, k\u00f5rgus: 1240 mm, laius: 1320 mm, s\u00fcgavus: 505 mm CO: 1%<\/em><\/p>\n<p><em><strong>Hind: 6 072\u20ac<\/strong><\/em><\/p>\n<p><a href=\"http:\/\/kaminameister.ee\/wp-content\/uploads\/2024\/05\/linea_h1320_4.0.pdf\">LINEA_H1320_4.0<\/a><\/p>\n","protected":false},"featured_media":1132,"comment_status":"open","ping_status":"closed","template":"","meta":{"_et_pb_use_builder":"","_et_pb_old_content":"","_et_gb_content_width":""},"product_brand":[139],"product_cat":[32,64],"product_tag":[],"class_list":{"0":"post-1128","1":"product","2":"type-product","3":"status-publish","4":"has-post-thumbnail","6":"product_brand-dorako","7":"product_cat-kaminasudamikud","8":"product_cat-sirge-klaasiga","9":"pa_brand-endine-kfd-ja-gabriel","11":"first","12":"instock","13":"shipping-taxable","14":"purchasable","15":"product-type-simple"},"_links":{"self":[{"href":"https:\/\/kaminameister.ee\/en\/wp-json\/wp\/v2\/product\/1128","targetHints":{"allow":["GET"]}}],"collection":[{"href":"https:\/\/kaminameister.ee\/en\/wp-json\/wp\/v2\/product"}],"about":[{"href":"https:\/\/kaminameister.ee\/en\/wp-json\/wp\/v2\/types\/product"}],"replies":[{"embeddable":true,"href":"https:\/\/kaminameister.ee\/en\/wp-json\/wp\/v2\/comments?post=1128"}],"wp:featuredmedia":[{"embeddable":true,"href":"https:\/\/kaminameister.ee\/en\/wp-json\/wp\/v2\/media\/1132"}],"wp:attachment":[{"href":"https:\/\/kaminameister.ee\/en\/wp-json\/wp\/v2\/media?parent=1128"}],"wp:term":[{"taxonomy":"product_brand","embeddable":true,"href":"https:\/\/kaminameister.ee\/en\/wp-json\/wp\/v2\/product_brand?post=1128"},{"taxonomy":"product_cat","embeddable":true,"href":"https:\/\/kaminameister.ee\/en\/wp-json\/wp\/v2\/product_cat?post=1128"},{"taxonomy":"product_tag","embeddable":true,"href":"https:\/\/kaminameister.ee\/en\/wp-json\/wp\/v2\/product_tag?post=1128"}],"curies":[{"name":"wp","href":"https:\/\/api.w.org\/{rel}","templated":true}]}}