{"id":1121,"date":"2024-05-31T16:56:50","date_gmt":"2024-05-31T13:56:50","guid":{"rendered":"http:\/\/kaminameister.ee\/?post_type=product&#038;p=1121"},"modified":"2026-03-25T11:59:08","modified_gmt":"2026-03-25T09:59:08","slug":"linea-h-1180-4-0","status":"publish","type":"product","link":"https:\/\/kaminameister.ee\/en\/tooted\/kaminasudamikud\/sirge-klaasiga\/linea-h-1180-4-0\/","title":{"rendered":"Linea H 1180 4.0(Dorako)"},"content":{"rendered":"","protected":false},"excerpt":{"rendered":"<p><i>\u00a0l\u00f5\u00f5ri\u00fchendus diam.230\/240 mm puuhalgude pikkus koldes 90cm. <\/i><em>Kaal: 370 kg, nominaalv\u00f5imsus: 7-17 kW, k\u00f5rgus: 1625 mm, laius: 1240 mm, kasutegur: 81%, suitsugaasi temperatuur: 251\u2070C<\/em><\/p>\n<p><em><strong>Hind: 5 638\u20ac<\/strong><\/em><\/p>\n<p><a href=\"http:\/\/kaminameister.ee\/wp-content\/uploads\/2024\/05\/linea_df_h1180_4.0.pdf\">LINEA_DF_H1180_4.0<\/a><\/p>\n","protected":false},"featured_media":1125,"comment_status":"open","ping_status":"closed","template":"","meta":{"_et_pb_use_builder":"","_et_pb_old_content":"","_et_gb_content_width":""},"product_brand":[139],"product_cat":[32,64],"product_tag":[],"class_list":{"0":"post-1121","1":"product","2":"type-product","3":"status-publish","4":"has-post-thumbnail","6":"product_brand-dorako","7":"product_cat-kaminasudamikud","8":"product_cat-sirge-klaasiga","9":"pa_brand-endine-kfd-ja-gabriel","11":"first","12":"instock","13":"shipping-taxable","14":"purchasable","15":"product-type-simple"},"_links":{"self":[{"href":"https:\/\/kaminameister.ee\/en\/wp-json\/wp\/v2\/product\/1121","targetHints":{"allow":["GET"]}}],"collection":[{"href":"https:\/\/kaminameister.ee\/en\/wp-json\/wp\/v2\/product"}],"about":[{"href":"https:\/\/kaminameister.ee\/en\/wp-json\/wp\/v2\/types\/product"}],"replies":[{"embeddable":true,"href":"https:\/\/kaminameister.ee\/en\/wp-json\/wp\/v2\/comments?post=1121"}],"wp:featuredmedia":[{"embeddable":true,"href":"https:\/\/kaminameister.ee\/en\/wp-json\/wp\/v2\/media\/1125"}],"wp:attachment":[{"href":"https:\/\/kaminameister.ee\/en\/wp-json\/wp\/v2\/media?parent=1121"}],"wp:term":[{"taxonomy":"product_brand","embeddable":true,"href":"https:\/\/kaminameister.ee\/en\/wp-json\/wp\/v2\/product_brand?post=1121"},{"taxonomy":"product_cat","embeddable":true,"href":"https:\/\/kaminameister.ee\/en\/wp-json\/wp\/v2\/product_cat?post=1121"},{"taxonomy":"product_tag","embeddable":true,"href":"https:\/\/kaminameister.ee\/en\/wp-json\/wp\/v2\/product_tag?post=1121"}],"curies":[{"name":"wp","href":"https:\/\/api.w.org\/{rel}","templated":true}]}}