{"id":1120,"date":"2024-06-03T12:06:56","date_gmt":"2024-06-03T09:06:56","guid":{"rendered":"http:\/\/kaminameister.ee\/?post_type=product&#038;p=1120"},"modified":"2025-05-21T16:25:11","modified_gmt":"2025-05-21T13:25:11","slug":"linea-h-1180-2-0","status":"publish","type":"product","link":"https:\/\/kaminameister.ee\/en\/tooted\/kaminasudamikud\/sirge-klaasiga\/linea-h-1180-2-0\/","title":{"rendered":"Linea H 1180 2.0(Dorako)"},"content":{"rendered":"<p>&nbsp;<\/p>\n<p>&nbsp;<\/p>\n","protected":false},"excerpt":{"rendered":"<p><i>l\u00f5\u00f5ri\u00fchendus diam.230\/240 mm puuhalgude pikkus koldes 90cm . <\/i><em>Kaal: 230 kg, nominaalv\u00f5imsus: 12-20 kW, k\u00f5rgus: 1240 mm, laius: 1150 mm, s\u00fcgavus: 505 mm, kasutegur: 63% CO: 1%<\/em><\/p>\n<p><i>\u00a0<\/i><strong><i>N\u00e4idis kaupluses!<\/i><\/strong><\/p>\n<p><em><strong>Tavahind: 3 287\u20ac,soodushind : 2 919\u20ac<\/strong><\/em><\/p>\n<p>&nbsp;<\/p>\n","protected":false},"featured_media":4835,"comment_status":"open","ping_status":"closed","template":"","meta":{"_et_pb_use_builder":"","_et_pb_old_content":"","_et_gb_content_width":""},"product_brand":[139],"product_cat":[32,64],"product_tag":[],"class_list":{"0":"post-1120","1":"product","2":"type-product","3":"status-publish","4":"has-post-thumbnail","6":"product_brand-dorako","7":"product_cat-kaminasudamikud","8":"product_cat-sirge-klaasiga","9":"pa_brand-endine-kfd-ja-gabriel","11":"first","12":"instock","13":"sale","14":"shipping-taxable","15":"purchasable","16":"product-type-simple"},"_links":{"self":[{"href":"https:\/\/kaminameister.ee\/en\/wp-json\/wp\/v2\/product\/1120","targetHints":{"allow":["GET"]}}],"collection":[{"href":"https:\/\/kaminameister.ee\/en\/wp-json\/wp\/v2\/product"}],"about":[{"href":"https:\/\/kaminameister.ee\/en\/wp-json\/wp\/v2\/types\/product"}],"replies":[{"embeddable":true,"href":"https:\/\/kaminameister.ee\/en\/wp-json\/wp\/v2\/comments?post=1120"}],"wp:featuredmedia":[{"embeddable":true,"href":"https:\/\/kaminameister.ee\/en\/wp-json\/wp\/v2\/media\/4835"}],"wp:attachment":[{"href":"https:\/\/kaminameister.ee\/en\/wp-json\/wp\/v2\/media?parent=1120"}],"wp:term":[{"taxonomy":"product_brand","embeddable":true,"href":"https:\/\/kaminameister.ee\/en\/wp-json\/wp\/v2\/product_brand?post=1120"},{"taxonomy":"product_cat","embeddable":true,"href":"https:\/\/kaminameister.ee\/en\/wp-json\/wp\/v2\/product_cat?post=1120"},{"taxonomy":"product_tag","embeddable":true,"href":"https:\/\/kaminameister.ee\/en\/wp-json\/wp\/v2\/product_tag?post=1120"}],"curies":[{"name":"wp","href":"https:\/\/api.w.org\/{rel}","templated":true}]}}