{"id":1092,"date":"2024-05-31T16:01:25","date_gmt":"2024-05-31T13:01:25","guid":{"rendered":"http:\/\/kaminameister.ee\/?post_type=product&#038;p=1092"},"modified":"2026-03-25T12:02:10","modified_gmt":"2026-03-25T10:02:10","slug":"linea-v-1080-3-0","status":"publish","type":"product","link":"https:\/\/kaminameister.ee\/en\/tooted\/kaminasudamikud\/sirge-klaasiga\/linea-v-1080-3-0\/","title":{"rendered":"Linea V 1080 3.0(Dorako)"},"content":{"rendered":"","protected":false},"excerpt":{"rendered":"<p><i>Energiaklass A, l\u00f5\u00f5ri\u00fchendus diam.230\/240 mm puuhalgude pikkus koldes 60cm,\u00f5hutoru d.123 mm. <\/i><em>Kaal: 240 kg, nominaalv\u00f5imsus: 14 kW, k\u00f5rgus: 1595 mm., laius: 940 mm, s\u00fcgavus: 539 mm, kasutegur: 78%<\/em><\/p>\n<p><em><strong>Hind: 4 711\u20ac<\/strong><\/em><\/p>\n<p><a href=\"http:\/\/kaminameister.ee\/wp-content\/uploads\/2024\/05\/linea-v1080-3.0.pdf\">Linea V1080 3.0<\/a><\/p>\n","protected":false},"featured_media":1096,"comment_status":"open","ping_status":"closed","template":"","meta":{"_et_pb_use_builder":"","_et_pb_old_content":"","_et_gb_content_width":""},"product_brand":[139],"product_cat":[32,64],"product_tag":[],"class_list":{"0":"post-1092","1":"product","2":"type-product","3":"status-publish","4":"has-post-thumbnail","6":"product_brand-dorako","7":"product_cat-kaminasudamikud","8":"product_cat-sirge-klaasiga","9":"pa_brand-endine-kfd-ja-gabriel","11":"first","12":"instock","13":"shipping-taxable","14":"purchasable","15":"product-type-simple"},"_links":{"self":[{"href":"https:\/\/kaminameister.ee\/en\/wp-json\/wp\/v2\/product\/1092","targetHints":{"allow":["GET"]}}],"collection":[{"href":"https:\/\/kaminameister.ee\/en\/wp-json\/wp\/v2\/product"}],"about":[{"href":"https:\/\/kaminameister.ee\/en\/wp-json\/wp\/v2\/types\/product"}],"replies":[{"embeddable":true,"href":"https:\/\/kaminameister.ee\/en\/wp-json\/wp\/v2\/comments?post=1092"}],"wp:featuredmedia":[{"embeddable":true,"href":"https:\/\/kaminameister.ee\/en\/wp-json\/wp\/v2\/media\/1096"}],"wp:attachment":[{"href":"https:\/\/kaminameister.ee\/en\/wp-json\/wp\/v2\/media?parent=1092"}],"wp:term":[{"taxonomy":"product_brand","embeddable":true,"href":"https:\/\/kaminameister.ee\/en\/wp-json\/wp\/v2\/product_brand?post=1092"},{"taxonomy":"product_cat","embeddable":true,"href":"https:\/\/kaminameister.ee\/en\/wp-json\/wp\/v2\/product_cat?post=1092"},{"taxonomy":"product_tag","embeddable":true,"href":"https:\/\/kaminameister.ee\/en\/wp-json\/wp\/v2\/product_tag?post=1092"}],"curies":[{"name":"wp","href":"https:\/\/api.w.org\/{rel}","templated":true}]}}