{"id":1075,"date":"2024-05-31T15:43:43","date_gmt":"2024-05-31T12:43:43","guid":{"rendered":"http:\/\/kaminameister.ee\/?post_type=product&#038;p=1075"},"modified":"2026-03-25T12:08:07","modified_gmt":"2026-03-25T10:08:07","slug":"linea-v-810-4-0","status":"publish","type":"product","link":"https:\/\/kaminameister.ee\/en\/tooted\/kaminasudamikud\/sirge-klaasiga\/linea-v-810-4-0\/","title":{"rendered":"Linea V 810 4.0(Dorako)"},"content":{"rendered":"","protected":false},"excerpt":{"rendered":"<p><em>Energiaklass A, l\u00f5\u00f5ri\u00fchendus diam.230\/240mm, \u00f5hutoru m\u00f5\u00f5t 123 mm.\u00a0puuhalgude pikkus koldes 40cm,\u00a0klaasi m\u00f5\u00f5t 564 mm*490 mm.<\/em><\/p>\n<p><em>\u00a0Kaal: 190 kg. Nominaalv\u00f5imsus: 8 kW , k\u00f5rgus: 1195 mm, laius: 750 mm, s\u00fcgavus: 539 mm, kasutegur: 75%, suitsugaasi temperatuur: 241\u2070C<\/em><\/p>\n<p><a href=\"http:\/\/kaminameister.ee\/wp-content\/uploads\/2024\/05\/linea-v810-3.0.pdf\">Tehniline joonis: LINEA V810 3.0<\/a><\/p>\n<p><em><strong>Hind : 4 018\u20ac<\/strong><\/em><\/p>\n","protected":false},"featured_media":1082,"comment_status":"open","ping_status":"closed","template":"","meta":{"_et_pb_use_builder":"","_et_pb_old_content":"","_et_gb_content_width":""},"product_brand":[139],"product_cat":[32,64],"product_tag":[],"class_list":{"0":"post-1075","1":"product","2":"type-product","3":"status-publish","4":"has-post-thumbnail","6":"product_brand-dorako","7":"product_cat-kaminasudamikud","8":"product_cat-sirge-klaasiga","9":"pa_brand-endine-kfd-ja-gabriel","11":"first","12":"instock","13":"shipping-taxable","14":"purchasable","15":"product-type-simple"},"_links":{"self":[{"href":"https:\/\/kaminameister.ee\/en\/wp-json\/wp\/v2\/product\/1075","targetHints":{"allow":["GET"]}}],"collection":[{"href":"https:\/\/kaminameister.ee\/en\/wp-json\/wp\/v2\/product"}],"about":[{"href":"https:\/\/kaminameister.ee\/en\/wp-json\/wp\/v2\/types\/product"}],"replies":[{"embeddable":true,"href":"https:\/\/kaminameister.ee\/en\/wp-json\/wp\/v2\/comments?post=1075"}],"wp:featuredmedia":[{"embeddable":true,"href":"https:\/\/kaminameister.ee\/en\/wp-json\/wp\/v2\/media\/1082"}],"wp:attachment":[{"href":"https:\/\/kaminameister.ee\/en\/wp-json\/wp\/v2\/media?parent=1075"}],"wp:term":[{"taxonomy":"product_brand","embeddable":true,"href":"https:\/\/kaminameister.ee\/en\/wp-json\/wp\/v2\/product_brand?post=1075"},{"taxonomy":"product_cat","embeddable":true,"href":"https:\/\/kaminameister.ee\/en\/wp-json\/wp\/v2\/product_cat?post=1075"},{"taxonomy":"product_tag","embeddable":true,"href":"https:\/\/kaminameister.ee\/en\/wp-json\/wp\/v2\/product_tag?post=1075"}],"curies":[{"name":"wp","href":"https:\/\/api.w.org\/{rel}","templated":true}]}}