{"id":1071,"date":"2024-05-31T15:44:15","date_gmt":"2024-05-31T12:44:15","guid":{"rendered":"http:\/\/kaminameister.ee\/?post_type=product&#038;p=1071"},"modified":"2026-03-25T12:06:49","modified_gmt":"2026-03-25T10:06:49","slug":"iline-5183","status":"publish","type":"product","link":"https:\/\/kaminameister.ee\/en\/tooted\/kaminasudamikud\/sirge-klaasiga\/iline-5183\/","title":{"rendered":"Eco iLine 5183(Dorako)"},"content":{"rendered":"","protected":false},"excerpt":{"rendered":"<p><em>l\u00f5\u00f5ri\u00fchendus diam.190\/ 200mm, puuhalgude pikkus koldes 35cm.,klaasi m\u00f5\u00f5t 735*425 mm. Kaal: 157 kg, nominaalv\u00f5imsus: 12.5-16.5 kW , k\u00f5rgus: 1172 mm, laius: 828 mm, s\u00fcgavus: 458 mm, kasutegur: 80% , suitsugaasi temperatuur: 256 \u2070C\u00a0 CO: 0.10%<\/em><\/p>\n<p><em><strong>Hind : 2 249\u20ac<\/strong><\/em><\/p>\n<p><a href=\"http:\/\/kaminameister.ee\/wp-content\/uploads\/2024\/05\/iline-5183-df-tehniline-joonis-ii.pdf\">iLine 5183 DF tehniline joonis II<\/a><\/p>\n","protected":false},"featured_media":1072,"comment_status":"open","ping_status":"closed","template":"","meta":{"_et_pb_use_builder":"","_et_pb_old_content":"","_et_gb_content_width":""},"product_brand":[139],"product_cat":[32,64],"product_tag":[],"class_list":{"0":"post-1071","1":"product","2":"type-product","3":"status-publish","4":"has-post-thumbnail","6":"product_brand-dorako","7":"product_cat-kaminasudamikud","8":"product_cat-sirge-klaasiga","9":"pa_brand-endine-kfd-ja-gabriel","11":"first","12":"instock","13":"shipping-taxable","14":"purchasable","15":"product-type-simple"},"_links":{"self":[{"href":"https:\/\/kaminameister.ee\/en\/wp-json\/wp\/v2\/product\/1071","targetHints":{"allow":["GET"]}}],"collection":[{"href":"https:\/\/kaminameister.ee\/en\/wp-json\/wp\/v2\/product"}],"about":[{"href":"https:\/\/kaminameister.ee\/en\/wp-json\/wp\/v2\/types\/product"}],"replies":[{"embeddable":true,"href":"https:\/\/kaminameister.ee\/en\/wp-json\/wp\/v2\/comments?post=1071"}],"wp:featuredmedia":[{"embeddable":true,"href":"https:\/\/kaminameister.ee\/en\/wp-json\/wp\/v2\/media\/1072"}],"wp:attachment":[{"href":"https:\/\/kaminameister.ee\/en\/wp-json\/wp\/v2\/media?parent=1071"}],"wp:term":[{"taxonomy":"product_brand","embeddable":true,"href":"https:\/\/kaminameister.ee\/en\/wp-json\/wp\/v2\/product_brand?post=1071"},{"taxonomy":"product_cat","embeddable":true,"href":"https:\/\/kaminameister.ee\/en\/wp-json\/wp\/v2\/product_cat?post=1071"},{"taxonomy":"product_tag","embeddable":true,"href":"https:\/\/kaminameister.ee\/en\/wp-json\/wp\/v2\/product_tag?post=1071"}],"curies":[{"name":"wp","href":"https:\/\/api.w.org\/{rel}","templated":true}]}}