{"id":1050,"date":"2024-05-31T15:46:55","date_gmt":"2024-05-31T12:46:55","guid":{"rendered":"http:\/\/kaminameister.ee\/?post_type=product&#038;p=1050"},"modified":"2026-03-25T12:04:07","modified_gmt":"2026-03-25T10:04:07","slug":"iline-5161","status":"publish","type":"product","link":"https:\/\/kaminameister.ee\/en\/tooted\/kaminasudamikud\/sirge-klaasiga\/iline-5161\/","title":{"rendered":"Eco iLine 5161(Dorako)"},"content":{"rendered":"<p><i>\u00a0<\/i><\/p>\n","protected":false},"excerpt":{"rendered":"<p><i>l\u00f5\u00f5ri\u00fchendus diam.190\/200 mm, puuhalgude max.pikkus koldes 40cm,klaasi m\u00f5\u00f5t 515*425 mm. <\/i><em>Kaal: 129 kg, nominaalv\u00f5imsus: 10-14 kW, k\u00f5rgus: 1172 mm, laius: 608 mm, s\u00fcgavus: 458 mm, kasutegur: 78%, suitsugaasi temperatuur: 270 \u2070C\u00a0 CO: 0.09%<\/em><\/p>\n<p><em><strong>Hind: 1 933\u20ac<\/strong><\/em><\/p>\n<p><a href=\"http:\/\/kaminameister.ee\/wp-content\/uploads\/2024\/05\/iline-5161-tehniline-joonis.pdf\">iLINE 5161 tehniline joonis<\/a><\/p>\n","protected":false},"featured_media":1054,"comment_status":"open","ping_status":"closed","template":"","meta":{"_et_pb_use_builder":"","_et_pb_old_content":"","_et_gb_content_width":""},"product_brand":[139],"product_cat":[32,64],"product_tag":[],"class_list":{"0":"post-1050","1":"product","2":"type-product","3":"status-publish","4":"has-post-thumbnail","6":"product_brand-dorako","7":"product_cat-kaminasudamikud","8":"product_cat-sirge-klaasiga","9":"pa_brand-endine-kfd-ja-gabriel","11":"first","12":"instock","13":"shipping-taxable","14":"purchasable","15":"product-type-simple"},"_links":{"self":[{"href":"https:\/\/kaminameister.ee\/en\/wp-json\/wp\/v2\/product\/1050","targetHints":{"allow":["GET"]}}],"collection":[{"href":"https:\/\/kaminameister.ee\/en\/wp-json\/wp\/v2\/product"}],"about":[{"href":"https:\/\/kaminameister.ee\/en\/wp-json\/wp\/v2\/types\/product"}],"replies":[{"embeddable":true,"href":"https:\/\/kaminameister.ee\/en\/wp-json\/wp\/v2\/comments?post=1050"}],"wp:featuredmedia":[{"embeddable":true,"href":"https:\/\/kaminameister.ee\/en\/wp-json\/wp\/v2\/media\/1054"}],"wp:attachment":[{"href":"https:\/\/kaminameister.ee\/en\/wp-json\/wp\/v2\/media?parent=1050"}],"wp:term":[{"taxonomy":"product_brand","embeddable":true,"href":"https:\/\/kaminameister.ee\/en\/wp-json\/wp\/v2\/product_brand?post=1050"},{"taxonomy":"product_cat","embeddable":true,"href":"https:\/\/kaminameister.ee\/en\/wp-json\/wp\/v2\/product_cat?post=1050"},{"taxonomy":"product_tag","embeddable":true,"href":"https:\/\/kaminameister.ee\/en\/wp-json\/wp\/v2\/product_tag?post=1050"}],"curies":[{"name":"wp","href":"https:\/\/api.w.org\/{rel}","templated":true}]}}