{"id":1033,"date":"2024-05-31T15:45:31","date_gmt":"2024-05-31T12:45:31","guid":{"rendered":"http:\/\/kaminameister.ee\/?post_type=product&#038;p=1033"},"modified":"2025-07-09T14:21:40","modified_gmt":"2025-07-09T11:21:40","slug":"i-lux-90","status":"publish","type":"product","link":"https:\/\/kaminameister.ee\/en\/tooted\/kaminasudamikud\/sirge-klaasiga\/i-lux-90\/","title":{"rendered":"Eco i Lux 90(Dorako)"},"content":{"rendered":"","protected":false},"excerpt":{"rendered":"<p><i>suitsutoru diam.s180 \/v 200 mm.klaasi m\u00f5\u00f5t 700*445 mm. <\/i><\/p>\n<p><em>Kaal: 120 kg, nominaalv\u00f5imsus: 6-16 kW , k\u00f5rgus: 935 mm, laius: 782 mm, s\u00fcgavus: 481 mm, kasutegur: 77.2 %, suitsugaasi temperatuur: 319*C\u00a0 \u00a0CO: 0.09%<\/em><\/p>\n<p><em><strong>Hind : 1 717 \u20ac<\/strong><\/em><\/p>\n<p><a href=\"http:\/\/kaminameister.ee\/wp-content\/uploads\/2024\/05\/ilux-90-uus-tehniline-joonis.pdf\">iLUX 90 uus tehniline joonis<\/a><\/p>\n","protected":false},"featured_media":1037,"comment_status":"open","ping_status":"closed","template":"","meta":{"_et_pb_use_builder":"","_et_pb_old_content":"","_et_gb_content_width":""},"product_brand":[139],"product_cat":[32,64],"product_tag":[],"class_list":{"0":"post-1033","1":"product","2":"type-product","3":"status-publish","4":"has-post-thumbnail","6":"product_brand-dorako","7":"product_cat-kaminasudamikud","8":"product_cat-sirge-klaasiga","9":"pa_brand-endine-kfd-ja-gabriel","11":"first","12":"instock","13":"shipping-taxable","14":"purchasable","15":"product-type-simple"},"_links":{"self":[{"href":"https:\/\/kaminameister.ee\/en\/wp-json\/wp\/v2\/product\/1033","targetHints":{"allow":["GET"]}}],"collection":[{"href":"https:\/\/kaminameister.ee\/en\/wp-json\/wp\/v2\/product"}],"about":[{"href":"https:\/\/kaminameister.ee\/en\/wp-json\/wp\/v2\/types\/product"}],"replies":[{"embeddable":true,"href":"https:\/\/kaminameister.ee\/en\/wp-json\/wp\/v2\/comments?post=1033"}],"wp:featuredmedia":[{"embeddable":true,"href":"https:\/\/kaminameister.ee\/en\/wp-json\/wp\/v2\/media\/1037"}],"wp:attachment":[{"href":"https:\/\/kaminameister.ee\/en\/wp-json\/wp\/v2\/media?parent=1033"}],"wp:term":[{"taxonomy":"product_brand","embeddable":true,"href":"https:\/\/kaminameister.ee\/en\/wp-json\/wp\/v2\/product_brand?post=1033"},{"taxonomy":"product_cat","embeddable":true,"href":"https:\/\/kaminameister.ee\/en\/wp-json\/wp\/v2\/product_cat?post=1033"},{"taxonomy":"product_tag","embeddable":true,"href":"https:\/\/kaminameister.ee\/en\/wp-json\/wp\/v2\/product_tag?post=1033"}],"curies":[{"name":"wp","href":"https:\/\/api.w.org\/{rel}","templated":true}]}}