{"id":1026,"date":"2024-05-31T15:46:25","date_gmt":"2024-05-31T12:46:25","guid":{"rendered":"http:\/\/kaminameister.ee\/?post_type=product&#038;p=1026"},"modified":"2026-03-25T12:05:07","modified_gmt":"2026-03-25T10:05:07","slug":"m-14-ja-im-14","status":"publish","type":"product","link":"https:\/\/kaminameister.ee\/en\/tooted\/kaminasudamikud\/sirge-klaasiga\/m-14-ja-im-14\/","title":{"rendered":"Eco M 14 ja iM 14(Dorako)"},"content":{"rendered":"","protected":false},"excerpt":{"rendered":"<p><i>puuhalu pikkus koldes: 50cm,\u00a0 suitsutoru \u00fchenduse diam.160\/180mm . <\/i><em>Kaal: 110 kg , nominaalv\u00f5imsus: 6-15 kW, k\u00f5rgus: 594 mm, laius: 691 mm, s\u00fcgavus: 462 mm, kasutegur: 82.5%, suitsugaasi temperatuur: 235 <span style=\"font-size: 10.5pt; font-family: 'Segoe UI',sans-serif;\">\u2070C<\/span><\/em><\/p>\n<p><i>ukse m\u00f5\u00f5t 691*538 mm, klaasi m\u00f5\u00f5t 672*489 mm <\/i>\u00a0<i>\u00f5huliides lisav\u00f5imalusena,diam.100 mm,hind 37\u20ac<\/i><\/p>\n<p><b><i>Eco M 14<\/i><\/b><i>,\u00a0<\/i><b><i>hind 1 464\u20ac\u00a0 , Eco\u00a0 <\/i><\/b><b><i>iM 14, <\/i><\/b><i>t<\/i><i>austv\u00e4rvitud klaasuksega, <\/i><b><i>hind 1 603\u20ac.<\/i><\/b><\/p>\n<p><i><a href=\"http:\/\/kaminameister.ee\/wp-content\/uploads\/2024\/05\/eco_m14-tehniline-joonis.pdf\">ECO_M14 tehniline joonis<\/a><\/i><\/p>\n<p><i><a href=\"http:\/\/kaminameister.ee\/wp-content\/uploads\/2024\/05\/eco-m-14-kataloogileht.pdf\">Eco M 14 kataloogileht<\/a><\/i><\/p>\n","protected":false},"featured_media":1027,"comment_status":"open","ping_status":"closed","template":"","meta":{"_et_pb_use_builder":"","_et_pb_old_content":"","_et_gb_content_width":""},"product_brand":[139],"product_cat":[32,64],"product_tag":[],"class_list":{"0":"post-1026","1":"product","2":"type-product","3":"status-publish","4":"has-post-thumbnail","6":"product_brand-dorako","7":"product_cat-kaminasudamikud","8":"product_cat-sirge-klaasiga","9":"pa_brand-endine-kfd-ja-gabriel","11":"first","12":"instock","13":"shipping-taxable","14":"purchasable","15":"product-type-simple"},"_links":{"self":[{"href":"https:\/\/kaminameister.ee\/en\/wp-json\/wp\/v2\/product\/1026","targetHints":{"allow":["GET"]}}],"collection":[{"href":"https:\/\/kaminameister.ee\/en\/wp-json\/wp\/v2\/product"}],"about":[{"href":"https:\/\/kaminameister.ee\/en\/wp-json\/wp\/v2\/types\/product"}],"replies":[{"embeddable":true,"href":"https:\/\/kaminameister.ee\/en\/wp-json\/wp\/v2\/comments?post=1026"}],"wp:featuredmedia":[{"embeddable":true,"href":"https:\/\/kaminameister.ee\/en\/wp-json\/wp\/v2\/media\/1027"}],"wp:attachment":[{"href":"https:\/\/kaminameister.ee\/en\/wp-json\/wp\/v2\/media?parent=1026"}],"wp:term":[{"taxonomy":"product_brand","embeddable":true,"href":"https:\/\/kaminameister.ee\/en\/wp-json\/wp\/v2\/product_brand?post=1026"},{"taxonomy":"product_cat","embeddable":true,"href":"https:\/\/kaminameister.ee\/en\/wp-json\/wp\/v2\/product_cat?post=1026"},{"taxonomy":"product_tag","embeddable":true,"href":"https:\/\/kaminameister.ee\/en\/wp-json\/wp\/v2\/product_tag?post=1026"}],"curies":[{"name":"wp","href":"https:\/\/api.w.org\/{rel}","templated":true}]}}