{"id":1013,"date":"2024-05-31T15:47:19","date_gmt":"2024-05-31T12:47:19","guid":{"rendered":"http:\/\/kaminameister.ee\/?post_type=product&#038;p=1013"},"modified":"2026-03-25T12:03:29","modified_gmt":"2026-03-25T10:03:29","slug":"max-14-ja-imax-14","status":"publish","type":"product","link":"https:\/\/kaminameister.ee\/en\/tooted\/kaminasudamikud\/sirge-klaasiga\/max-14-ja-imax-14\/","title":{"rendered":"Eco Max 14 ja iMax 14(Dorako)"},"content":{"rendered":"","protected":false},"excerpt":{"rendered":"<p><i>Suitsutoru diam.180 \/200 mm;\u00a0 <\/i><em>Kaal: 115 kg, nominaalv\u00f5imsus: 6-16 kW , k\u00f5rgus: 713 mm , laius: 702 mm, s\u00fcgavus: 452 mm, kasutegur: 82.5% , suitsugaasi temperatuur: 235\u00b0C<\/em><\/p>\n<p><i><strong>EcoMax 14, hind 1 164\u20ac<\/strong> . Klaasi m\u00f5\u00f5t 610*430 mm. Klapp 63\u20ac<\/i><\/p>\n<p><i><strong>Eco iMax 14, taustv\u00e4rvitud klaasiga, hind 1 326\u20ac<\/strong>,\u00a0 \u00a0 \u00a0klapp 63\u20ac. Klaasi m\u00f5\u00f5t 672*489 mm.<\/i><\/p>\n<p><em>Tule, tutvu n\u00e4idistega!<\/em><\/p>\n<p><i><a href=\"http:\/\/kaminameister.ee\/wp-content\/uploads\/2024\/05\/ecomax-14-tehniline-joonis.pdf\">EcoMax 14 tehniline joonis<\/a><\/i><\/p>\n","protected":false},"featured_media":1014,"comment_status":"open","ping_status":"closed","template":"","meta":{"_et_pb_use_builder":"","_et_pb_old_content":"","_et_gb_content_width":""},"product_brand":[139],"product_cat":[32,64],"product_tag":[],"class_list":{"0":"post-1013","1":"product","2":"type-product","3":"status-publish","4":"has-post-thumbnail","6":"product_brand-dorako","7":"product_cat-kaminasudamikud","8":"product_cat-sirge-klaasiga","9":"pa_brand-endine-kfd-ja-gabriel","11":"first","12":"instock","13":"shipping-taxable","14":"purchasable","15":"product-type-simple"},"_links":{"self":[{"href":"https:\/\/kaminameister.ee\/en\/wp-json\/wp\/v2\/product\/1013","targetHints":{"allow":["GET"]}}],"collection":[{"href":"https:\/\/kaminameister.ee\/en\/wp-json\/wp\/v2\/product"}],"about":[{"href":"https:\/\/kaminameister.ee\/en\/wp-json\/wp\/v2\/types\/product"}],"replies":[{"embeddable":true,"href":"https:\/\/kaminameister.ee\/en\/wp-json\/wp\/v2\/comments?post=1013"}],"wp:featuredmedia":[{"embeddable":true,"href":"https:\/\/kaminameister.ee\/en\/wp-json\/wp\/v2\/media\/1014"}],"wp:attachment":[{"href":"https:\/\/kaminameister.ee\/en\/wp-json\/wp\/v2\/media?parent=1013"}],"wp:term":[{"taxonomy":"product_brand","embeddable":true,"href":"https:\/\/kaminameister.ee\/en\/wp-json\/wp\/v2\/product_brand?post=1013"},{"taxonomy":"product_cat","embeddable":true,"href":"https:\/\/kaminameister.ee\/en\/wp-json\/wp\/v2\/product_cat?post=1013"},{"taxonomy":"product_tag","embeddable":true,"href":"https:\/\/kaminameister.ee\/en\/wp-json\/wp\/v2\/product_tag?post=1013"}],"curies":[{"name":"wp","href":"https:\/\/api.w.org\/{rel}","templated":true}]}}