{"id":967,"date":"2021-07-29T09:41:36","date_gmt":"2021-07-29T09:41:36","guid":{"rendered":"http:\/\/kaminameister.ee\/shop\/"},"modified":"2021-07-29T09:41:36","modified_gmt":"2021-07-29T09:41:36","slug":"shop","status":"publish","type":"page","link":"https:\/\/kaminameister.ee\/en\/shop\/","title":{"rendered":"Shop"},"content":{"rendered":"<p>[et_pb_section fb_built=&#8221;1&#8243; admin_label=&#8221;Header Section&#8221; _builder_version=&#8221;4.4.2&#8243; use_background_color_gradient=&#8221;on&#8221; background_color_gradient_start=&#8221;#ffffff&#8221; background_color_gradient_end=&#8221;rgba(255,255,255,0.5)&#8221; background_color_gradient_overlays_image=&#8221;on&#8221; background_image=&#8221;http:\/\/kaminameister.ee\/wp-content\/uploads\/2020\/04\/shutterstock_702638182.jpg&#8221; custom_padding=&#8221;4%|0px|6%|0px|false|false&#8221;][et_pb_row admin_label=&#8221;Title Row&#8221; _builder_version=&#8221;3.25&#8243;][et_pb_column type=&#8221;4_4&#8243; _builder_version=&#8221;3.25&#8243; custom_padding=&#8221;|||&#8221; custom_padding__hover=&#8221;|||&#8221;][et_pb_text admin_label=&#8221;Title &#038; Paragraph&#8221; _builder_version=&#8221;3.27.4&#8243; text_font=&#8221;Muli|600|||||||&#8221; text_font_size=&#8221;18px&#8221; text_line_height=&#8221;1.8em&#8221; header_font=&#8221;Muli|700|||||||&#8221; header_font_size=&#8221;65px&#8221; header_line_height=&#8221;1.4em&#8221; header_2_font=&#8221;||||||||&#8221; text_orientation=&#8221;center&#8221; max_width=&#8221;640px&#8221; max_width_last_edited=&#8221;off|desktop&#8221; module_alignment=&#8221;center&#8221; custom_margin=&#8221;|||&#8221; custom_margin_tablet=&#8221;0px|||0px&#8221; custom_margin_last_edited=&#8221;off|desktop&#8221; custom_padding=&#8221;|||&#8221; custom_padding_last_edited=&#8221;off|desktop&#8221; animation_style=&#8221;fade&#8221; header_font_size_tablet=&#8221;&#8221; header_font_size_phone=&#8221;50px&#8221; header_font_size_last_edited=&#8221;on|phone&#8221;]<\/p>\n<h1>Tooted<\/h1>\n<p>Kaminameister pakub v\u00e4ga erinevate br\u00e4ndide kaminaid, ahjusid, pliite ja lisavarustust.<\/p>\n<p>[\/et_pb_text][\/et_pb_column][\/et_pb_row][\/et_pb_section][et_pb_section fb_built=&#8221;1&#8243; admin_label=&#8221;Blog Section&#8221; _builder_version=&#8221;4.4.0&#8243; background_color=&#8221;#FFFFFF&#8221; background_position=&#8221;top_center&#8221; custom_padding=&#8221;100px|0px|100px|0px&#8221;][et_pb_row column_structure=&#8221;1_4,3_4&#8243; admin_label=&#8221;Blog Posts Row&#8221; _builder_version=&#8221;4.5.6&#8243; width=&#8221;100%&#8221; max_width=&#8221;80%&#8221; custom_margin=&#8221;-40px|auto||auto||&#8221;][et_pb_column type=&#8221;1_4&#8243; _builder_version=&#8221;3.25&#8243; custom_padding=&#8221;|||&#8221; custom_padding__hover=&#8221;|||&#8221;][et_pb_sidebar area=&#8221;sidebar-1&#8243; _builder_version=&#8221;4.4.0&#8243;][\/et_pb_sidebar][\/et_pb_column][et_pb_column type=&#8221;3_4&#8243; _builder_version=&#8221;4.5.6&#8243; custom_padding=&#8221;|||&#8221; custom_padding__hover=&#8221;|||&#8221;][et_pb_shop show_pagination=&#8221;on&#8221; columns_number=&#8221;3&#8243; icon_hover_color=&#8221;#000000&#8243; hover_overlay_color=&#8221;rgba(255,255,255,0.42)&#8221; hover_icon=&#8221;%%52%%&#8221; module_class=&#8221;nd-image-gallery-2-3&#8243; _builder_version=&#8221;4.5.6&#8243; title_font=&#8221;Muli|600|||||||&#8221; title_text_align=&#8221;left&#8221; title_text_color=&#8221;#000000&#8243; title_font_size=&#8221;18px&#8221; title_line_height=&#8221;1.7em&#8221; price_font=&#8221;Muli|700|||||||&#8221; price_text_color=&#8221;#cd9137&#8243; price_font_size=&#8221;16px&#8221; price_line_height=&#8221;1.7em&#8221; rating_font_size=&#8221;1px&#8221; text_orientation=&#8221;left&#8221; hover_enabled=&#8221;0&#8243;][\/et_pb_shop][\/et_pb_column][\/et_pb_row][\/et_pb_section][et_pb_section fb_built=&#8221;1&#8243; _builder_version=&#8221;4.5.6&#8243; background_color=&#8221;#ececec&#8221; custom_padding=&#8221;32px||32px||true|false&#8221;][et_pb_row _builder_version=&#8221;4.4.2&#8243; custom_css_main_element=&#8221;text-align:center;&#8221;][et_pb_column type=&#8221;4_4&#8243; _builder_version=&#8221;4.4.2&#8243;][et_pb_text _builder_version=&#8221;4.5.6&#8243; text_text_color=&#8221;#000000&#8243; text_font_size=&#8221;18px&#8221; background_color=&#8221;rgba(0,0,0,0)&#8221;]<\/p>\n<p style=\"text-align: center;\"><span>Kaminahi (ka moodul-v\u00f5i kergahi)sarnaneb tavalise ahjuga, kuid lisaks toasoojusele pakub kaminahi\u00a0 hubasust, sest tavalise malmist ja terasest\u00a0 klaasita\u00a0 ukse asemel\u00a0 on kaminahjude uksel klaasid. Kergahjude kaal on tavalisest ahjust v\u00e4iksem ning seet\u00f5ttu sobivad need h\u00e4sti n\u00e4iteks vanadesse majadesse, kus p\u00f5randad tavalise ahju raskust ei kannata.<\/span><\/p>\n<p style=\"text-align: center;\"><span>Kaminahjud salvestavad\u00a0 soojust. Moodul\/kergahi on standardlahendus, mis t\u00e4hendab seda, et saate tellida \u00a0sellise ahju, nagu te kataloogis n\u00e4ete.Meie valikus\u00a0 on\u00a0 Nordpeisi moodulahjud. Nordpeis ahjud on lihtsa \u00fclesehitusega ning erinevalt paljudest muudest ahjut\u00fc\u00fcpidest on neid\u00a0 v\u00f5imalik piisavate teadmiste ja oskuste korral\u00a0 ka kliendil endal \u00fcles laduda.Kui otsid endale sobivat kaminahju, siis sirvi meie kataloogi v\u00f5i v\u00f5ta meiega \u00fchendust. Tehtud t\u00f6id saab n\u00e4ha siit<\/span><\/p>\n<p>[\/et_pb_text][\/et_pb_column][\/et_pb_row][\/et_pb_section][et_pb_section fb_built=&#8221;1&#8243; fullwidth=&#8221;on&#8221; _builder_version=&#8221;4.5.6&#8243; _module_preset=&#8221;default&#8221;][et_pb_fullwidth_code _builder_version=&#8221;4.5.6&#8243; _module_preset=&#8221;default&#8221; background_color=&#8221;#ffffff&#8221;]<\/p>\n<div style=\"border: 1px solid black;\"><\/div>\n<p>[\/et_pb_fullwidth_code][\/et_pb_section]<\/p>\n","protected":false},"excerpt":{"rendered":"<p>Tooted Kaminameister pakub v\u00e4ga erinevate br\u00e4ndide kaminaid, ahjusid, pliite ja lisavarustust.Kaminahi (ka moodul-v\u00f5i kergahi)sarnaneb tavalise ahjuga, kuid lisaks toasoojusele pakub kaminahi\u00a0 hubasust, sest tavalise malmist ja terasest\u00a0 klaasita\u00a0 ukse asemel\u00a0 on kaminahjude uksel klaasid. Kergahjude kaal on tavalisest ahjust v\u00e4iksem ning seet\u00f5ttu sobivad need h\u00e4sti n\u00e4iteks vanadesse majadesse, kus p\u00f5randad tavalise ahju raskust ei kannata. [&hellip;]<\/p>\n","protected":false},"author":1,"featured_media":0,"parent":0,"menu_order":0,"comment_status":"closed","ping_status":"closed","template":"","meta":{"_et_pb_use_builder":"on","_et_pb_old_content":"","_et_gb_content_width":"","footnotes":""},"class_list":["post-967","page","type-page","status-publish","hentry"],"_links":{"self":[{"href":"https:\/\/kaminameister.ee\/en\/wp-json\/wp\/v2\/pages\/967","targetHints":{"allow":["GET"]}}],"collection":[{"href":"https:\/\/kaminameister.ee\/en\/wp-json\/wp\/v2\/pages"}],"about":[{"href":"https:\/\/kaminameister.ee\/en\/wp-json\/wp\/v2\/types\/page"}],"author":[{"embeddable":true,"href":"https:\/\/kaminameister.ee\/en\/wp-json\/wp\/v2\/users\/1"}],"replies":[{"embeddable":true,"href":"https:\/\/kaminameister.ee\/en\/wp-json\/wp\/v2\/comments?post=967"}],"version-history":[{"count":0,"href":"https:\/\/kaminameister.ee\/en\/wp-json\/wp\/v2\/pages\/967\/revisions"}],"wp:attachment":[{"href":"https:\/\/kaminameister.ee\/en\/wp-json\/wp\/v2\/media?parent=967"}],"curies":[{"name":"wp","href":"https:\/\/api.w.org\/{rel}","templated":true}]}}